{"id":693,"date":"2023-08-11T10:48:51","date_gmt":"2023-08-11T10:48:51","guid":{"rendered":"https:\/\/lacasadelbarranco.com\/?page_id=693"},"modified":"2023-12-01T16:38:34","modified_gmt":"2023-12-01T16:38:34","slug":"equipements","status":"publish","type":"page","link":"https:\/\/lacasadelbarranco.com\/fr\/equipements\/","title":{"rendered":"\u00c9quipements"},"content":{"rendered":"<section class=\"l-section wpb_row height_medium\"><div class=\"l-section-overlay\" style=\"background:var(--color-header-middle-text-hover)\"><\/div><div class=\"l-section-h i-cf\"><div class=\"g-cols vc_row via_grid cols_1 laptops-cols_inherit tablets-cols_inherit mobiles-cols_1 valign_top type_default stacking_default\"><div class=\"wpb_column vc_column_container\"><div class=\"vc_column-inner\"><h1 class=\"w-text us_custom_28784076 has_text_color\"><span class=\"w-text-h\"><span class=\"w-text-value\">\u00c9quipements <\/span><\/span><\/h1><\/div><\/div><\/div><\/div><\/section><section class=\"l-section wpb_row height_large width_custom\" style=\"--site-content-width:1240px;\"><div class=\"l-section-h i-cf\"><div class=\"g-cols vc_row via_grid cols_1 laptops-cols_inherit tablets-cols_inherit mobiles-cols_1 valign_top type_default stacking_default\"><div class=\"wpb_column vc_column_container\"><div class=\"vc_column-inner\"><div class=\"wpb_text_column\"><div class=\"wpb_wrapper\"><p>La maison dispose de toutes les commodit\u00e9s n\u00e9cessaires pour votre s\u00e9jour \u00e0 Fasnia, Tenerife.<\/p>\n<p>Un havre de paix chaleureux avec des vues panoramiques sur la mer et les montagnes.<\/p>\n<p>Votre escapade parfaite dans cette charmante localit\u00e9.<\/p>\n<\/div><\/div><div class=\"w-separator size_medium\"><\/div><div class=\"g-cols wpb_row via_grid cols_3 laptops-cols_inherit tablets-cols_inherit mobiles-cols_1 valign_top type_default stacking_default\" style=\"grid-gap:1.5rem;\"><div class=\"wpb_column vc_column_container\"><div class=\"vc_column-inner\"><div class=\"w-flipbox animation_cardflip direction_w\"><div class=\"w-flipbox-h easing_easeInOutCirc\" style=\"transition-duration:0.5s;\"><div class=\"w-flipbox-hh\"><div class=\"w-flipbox-front\" style=\"color:var(--color-header-middle-bg);background-image:url(https:\/\/lacasadelbarranco.com\/wp-content\/uploads\/2023\/08\/Vistas-desde-la-ventana-1024x683.jpg);\"><div class=\"w-flipbox-front-h\"><h3 class=\"w-flipbox-front-title\">Salon<\/h3><\/div><\/div><div class=\"w-flipbox-back\" style=\"display:none;background:var(--color-alt-content-faded);\"><div class=\"w-flipbox-back-h\"><h4 class=\"w-flipbox-back-title\">Salon<\/h4><div class=\"w-flipbox-back-desc\"><p>Canap\u00e9-lit<br \/>\nPortmanteau<br \/>\nCoin \u00e0 manger<br \/>\nFauteuil \u00e0 bascule<br \/>\nFauteuil individuel<\/p>\n<\/div><\/div><\/div><\/div><\/div><\/div><div class=\"w-separator size_small\"><\/div><div class=\"w-flipbox animation_cardflip direction_w\"><div class=\"w-flipbox-h easing_easeInOutCirc\" style=\"transition-duration:0.5s;\"><div class=\"w-flipbox-hh\"><div class=\"w-flipbox-front\" style=\"color:var(--color-header-middle-bg);background-image:url(https:\/\/lacasadelbarranco.com\/wp-content\/uploads\/2023\/08\/Cafe-y-te-1024x684.jpg);\"><div class=\"w-flipbox-front-h\"><h3 class=\"w-flipbox-front-title\">Cuisine<\/h3><\/div><\/div><div class=\"w-flipbox-back\" style=\"display:none;background:var(--color-alt-content-faded);\"><div class=\"w-flipbox-back-h\"><h4 class=\"w-flipbox-back-title\">Cuisine<\/h4><div class=\"w-flipbox-back-desc\"><p>Four<br \/>\nBouilloire<br \/>\nGrille-pain<br \/>\nMicro-ondes<br \/>\nPresse agrumes<br \/>\nTable \u00e0 manger<br \/>\nPlaque de cuisson<br \/>\nUstensiles de cuisine<br \/>\nR\u00e9frig\u00e9rateur et cong\u00e9lateur<br \/>\nMachine \u00e0 caf\u00e9<br \/>\n(italienne et goutte \u00e0 goutte)<\/p>\n<\/div><\/div><\/div><\/div><\/div><\/div><div class=\"w-separator size_small\"><\/div><div class=\"w-flipbox animation_cardflip direction_w\"><div class=\"w-flipbox-h easing_easeInOutCirc\" style=\"transition-duration:0.5s;\"><div class=\"w-flipbox-hh\"><div class=\"w-flipbox-front\" style=\"color:var(--color-header-middle-bg);background-image:url(https:\/\/lacasadelbarranco.com\/wp-content\/uploads\/2023\/08\/Terraza-1024x683.jpg);\"><div class=\"w-flipbox-front-h\"><h3 class=\"w-flipbox-front-title\">Espace ext\u00e9rieur (terrasse)<\/h3><\/div><\/div><div class=\"w-flipbox-back\" style=\"display:none;background:var(--color-alt-content-faded);\"><div class=\"w-flipbox-back-h\"><h4 class=\"w-flipbox-back-title\">Espace ext\u00e9rieur (terrasse)<\/h4><div class=\"w-flipbox-back-desc\"><p>Petit jardin<br \/>\nMobilier d\u2019ext\u00e9rieur<\/p>\n<\/div><\/div><\/div><\/div><\/div><\/div><div class=\"w-separator size_small\"><\/div><div class=\"w-flipbox limpieza animation_cardflip direction_w\"><div class=\"w-flipbox-h easing_easeInOutCirc\" style=\"transition-duration:0.5s;\"><div class=\"w-flipbox-hh\"><div class=\"w-flipbox-front\" style=\"color:var(--color-header-middle-bg);background-image:url(https:\/\/lacasadelbarranco.com\/wp-content\/uploads\/2023\/09\/Zona-de-lavado-de-ropa.jpg);\"><div class=\"w-flipbox-front-h\"><h3 class=\"w-flipbox-front-title\">Nettoyage et entretien<\/h3><\/div><\/div><div class=\"w-flipbox-back\" style=\"display:none;background:var(--color-alt-content-faded);\"><div class=\"w-flipbox-back-h\"><h4 class=\"w-flipbox-back-title\">Nettoyage et entretien<\/h4><div class=\"w-flipbox-back-desc\"><p>Produits d'entretien<br \/>\nFer et table \u00e0 repasser<br \/>\nD\u00e9sinfectant pour les mains<br \/>\nLave-linge, \u00e9tendoir et pinces \u00e0 linge<br \/>\nAlcool pour les mains<br \/>\net masques jetables<\/p>\n<\/div><\/div><\/div><\/div><\/div><\/div><div class=\"w-separator size_small\"><\/div><div class=\"w-flipbox hide_on_mobiles animation_cardflip direction_w\"><div class=\"w-flipbox-h easing_easeInOutCirc\" style=\"transition-duration:0.5s;\"><div class=\"w-flipbox-hh\"><div class=\"w-flipbox-front\" style=\"color:var(--color-header-middle-bg);background-image:url(https:\/\/lacasadelbarranco.com\/wp-content\/uploads\/2023\/08\/seguridad-1024x683.jpg);\"><div class=\"w-flipbox-front-h\"><h3 class=\"w-flipbox-front-title\">S\u00e9curit\u00e9<\/h3><\/div><\/div><div class=\"w-flipbox-back\" style=\"display:none;background:var(--color-alt-content-faded);\"><div class=\"w-flipbox-back-h\"><h4 class=\"w-flipbox-back-title\">S\u00e9curit\u00e9<\/h4><div class=\"w-flipbox-back-desc\"><p>Extincteurs<br \/>\nD\u00e9tecteurs de fum\u00e9e<br \/>\nCam\u00e9ra de s\u00e9curit\u00e9 ext\u00e9rieure<br \/>\n(\u00e9teinte pendant l'h\u00e9bergement)<\/p>\n<\/div><\/div><\/div><\/div><\/div><\/div><\/div><\/div><div class=\"wpb_column vc_column_container\"><div class=\"vc_column-inner\"><div class=\"w-flipbox animation_cardflip direction_w\"><div class=\"w-flipbox-h easing_easeInOutCirc\" style=\"transition-duration:0.5s;\"><div class=\"w-flipbox-hh\"><div class=\"w-flipbox-front\" style=\"color:var(--color-header-middle-bg);background-image:url(https:\/\/lacasadelbarranco.com\/wp-content\/uploads\/2023\/08\/Habitacion-Sabela1-1024x683.jpg);\"><div class=\"w-flipbox-front-h\"><h3 class=\"w-flipbox-front-title\">Chambre Sabela<\/h3><\/div><\/div><div class=\"w-flipbox-back\" style=\"display:none;background:var(--color-alt-content-faded);\"><div class=\"w-flipbox-back-h\"><h4 class=\"w-flipbox-back-title\">Chambre Sabela<\/h4><div class=\"w-flipbox-back-desc\"><p>Armoire<br \/>\nLinge de lit<br \/>\nMiroir sur pied<br \/>\nClimatisation et chauffage<br \/>\nUn lit double et un lit simple<br \/>\nCouvertures suppl\u00e9mentaires<br \/>\nPrises \u00e9lectriques \u00e0 c\u00f4t\u00e9 du lit<\/p>\n<\/div><\/div><\/div><\/div><\/div><\/div><div class=\"w-separator size_small\"><\/div><div class=\"w-flipbox animation_cardflip direction_w\"><div class=\"w-flipbox-h easing_easeInOutCirc\" style=\"transition-duration:0.5s;\"><div class=\"w-flipbox-hh\"><div class=\"w-flipbox-front\" style=\"color:var(--color-header-middle-bg);background-image:url(https:\/\/lacasadelbarranco.com\/wp-content\/uploads\/2023\/08\/Ducha-y-lavabo-1024x683.jpg);\"><div class=\"w-flipbox-front-h\"><h3 class=\"w-flipbox-front-title\">Salle de bains<\/h3><\/div><\/div><div class=\"w-flipbox-back\" style=\"display:none;background:var(--color-alt-content-faded);\"><div class=\"w-flipbox-back-h\"><h4 class=\"w-flipbox-back-title\">Salle de bains<\/h4><div class=\"w-flipbox-back-desc\"><p>Douche<br \/>\nServiettes<br \/>\nPapier toilette<br \/>\nS\u00e8che-cheveux<br \/>\nArticles de toilette<br \/>\nBouchons d'oreilles<br \/>\nProduits d'hygi\u00e8ne f\u00e9minine<\/p>\n<\/div><\/div><\/div><\/div><\/div><\/div><div class=\"w-separator size_small\"><\/div><div class=\"w-flipbox animation_cardflip direction_w\"><div class=\"w-flipbox-h easing_easeInOutCirc\" style=\"transition-duration:0.5s;\"><div class=\"w-flipbox-hh\"><div class=\"w-flipbox-front\" style=\"color:var(--color-header-middle-bg);background-image:url(https:\/\/lacasadelbarranco.com\/wp-content\/uploads\/2023\/08\/Mascotas-1024x683.jpg);\"><div class=\"w-flipbox-front-h\"><h3 class=\"w-flipbox-front-title\">Animaux de compagnie<\/h3><\/div><\/div><div class=\"w-flipbox-back\" style=\"display:none;background:var(--color-alt-content-faded);\"><div class=\"w-flipbox-back-h\"><h4 class=\"w-flipbox-back-title\">Animaux de compagnie<\/h4><div class=\"w-flipbox-back-desc\"><p>Jouets<br \/>\nPetit lit<br \/>\nPetite piscine en plastique<br \/>\nBols d'eau et de nourriture<\/p>\n<\/div><\/div><\/div><\/div><\/div><\/div><div class=\"w-separator size_small\"><\/div><div class=\"w-flipbox animation_cardflip direction_w\"><div class=\"w-flipbox-h easing_easeInOutCirc\" style=\"transition-duration:0.5s;\"><div class=\"w-flipbox-hh\"><div class=\"w-flipbox-front\" style=\"color:var(--color-header-middle-bg);background-image:url(https:\/\/lacasadelbarranco.com\/wp-content\/uploads\/2023\/08\/Vistas-al-jardin-768x1024.jpeg);\"><div class=\"w-flipbox-front-h\"><h3 class=\"w-flipbox-front-title\">Vues<\/h3><\/div><\/div><div class=\"w-flipbox-back\" style=\"display:none;background:var(--color-alt-content-faded);\"><div class=\"w-flipbox-back-h\"><h4 class=\"w-flipbox-back-title\">Vues<\/h4><div class=\"w-flipbox-back-desc\"><p>Vue sur Gran Canaria<br \/>\nVue sur la montagne, la mer, le jardin<br \/>\nVue sur Las Ruinas de Fasnia (monument)<br \/>\nVue sur les levers<br \/>\net couchers de soleil sur la mer<\/p>\n<\/div><\/div><\/div><\/div><\/div><\/div><div class=\"w-separator size_small\"><\/div><div class=\"w-flipbox hide_on_mobiles animation_cardflip direction_w\"><div class=\"w-flipbox-h easing_easeInOutCirc\" style=\"transition-duration:0.5s;\"><div class=\"w-flipbox-hh\"><div class=\"w-flipbox-front\" style=\"background:var(--color-header-top-text-hover);color:var(--color-content-link);\"><div class=\"w-flipbox-front-h\"><div class=\"w-flipbox-front-icon style_default\" style=\"font-size:2rem;\"><i class=\"fas fa-language\"><\/i><\/div><h3 class=\"w-flipbox-front-title\">Langues<\/h3><\/div><\/div><div class=\"w-flipbox-back\" style=\"display:none;background:var(--color-alt-content-faded);\"><div class=\"w-flipbox-back-h\"><h4 class=\"w-flipbox-back-title\">Langues<\/h4><div class=\"w-flipbox-back-desc\"><p>Espagnol<br \/>\nAnglais (par t\u00e9l\u00e9phone)<br \/>\nFran\u00e7ais (par t\u00e9l\u00e9phone)<\/p>\n<\/div><\/div><\/div><\/div><\/div><\/div><\/div><\/div><div class=\"wpb_column vc_column_container\"><div class=\"vc_column-inner\"><div class=\"w-flipbox animation_cardflip direction_w\"><div class=\"w-flipbox-h easing_easeInOutCirc\" style=\"transition-duration:0.5s;\"><div class=\"w-flipbox-hh\"><div class=\"w-flipbox-front\" style=\"color:var(--color-header-middle-bg);background-image:url(https:\/\/lacasadelbarranco.com\/wp-content\/uploads\/2023\/08\/Habitacion-Cesar-1024x683.jpg);\"><div class=\"w-flipbox-front-h\"><h3 class=\"w-flipbox-front-title\">Chambre C\u00e9sar<\/h3><\/div><\/div><div class=\"w-flipbox-back\" style=\"display:none;background:var(--color-alt-content-faded);\"><div class=\"w-flipbox-back-h\"><h4 class=\"w-flipbox-back-title\">Chambre C\u00e9sar<\/h4><div class=\"w-flipbox-back-desc\"><p>Armoire<br \/>\nLinge de lit<br \/>\nFauteuil \u00e0 bascule<br \/>\nClimatisation et chauffage<br \/>\nUn lit double et un lit simple<br \/>\nCouvertures suppl\u00e9mentaires<br \/>\nPrises \u00e9lectriques \u00e0 c\u00f4t\u00e9 du lit<br \/>\nFen\u00eatre donnant sur la terrasse<\/p>\n<\/div><\/div><\/div><\/div><\/div><\/div><div class=\"w-separator size_small\"><\/div><div class=\"w-flipbox animation_cardflip direction_w\"><div class=\"w-flipbox-h easing_easeInOutCirc\" style=\"transition-duration:0.5s;\"><div class=\"w-flipbox-hh\"><div class=\"w-flipbox-front\" style=\"color:var(--color-header-middle-bg);background-image:url(https:\/\/lacasadelbarranco.com\/wp-content\/uploads\/2023\/08\/Zona-de-comer-cubierta-1024x683.jpg);\"><div class=\"w-flipbox-front-h\"><h3 class=\"w-flipbox-front-title\">Espace ext\u00e9rieur (c\u00f4t\u00e9 jardin)<\/h3><\/div><\/div><div class=\"w-flipbox-back\" style=\"display:none;background:var(--color-alt-content-faded);\"><div class=\"w-flipbox-back-h\"><h4 class=\"w-flipbox-back-title\">Espace ext\u00e9rieur (c\u00f4t\u00e9 jardin)<\/h4><div class=\"w-flipbox-back-desc\"><p>Pergola<br \/>\nToilette<br \/>\nPetite piscine<br \/>\nBarbecue couvert<br \/>\nUstensiles de cuisine<br \/>\nChaises longues et parasol<br \/>\nTable \u00e0 manger, chaises et bar<\/p>\n<\/div><\/div><\/div><\/div><\/div><\/div><div class=\"w-separator size_small\"><\/div><div class=\"w-flipbox animation_cardflip direction_w\"><div class=\"w-flipbox-h easing_easeInOutCirc\" style=\"transition-duration:0.5s;\"><div class=\"w-flipbox-hh\"><div class=\"w-flipbox-front\" style=\"color:var(--color-header-middle-bg);background-image:url(https:\/\/lacasadelbarranco.com\/wp-content\/uploads\/2023\/08\/Television-1024x683.jpg);\"><div class=\"w-flipbox-front-h\"><h3 class=\"w-flipbox-front-title\">Animation<\/h3><\/div><\/div><div class=\"w-flipbox-back\" style=\"display:none;background:var(--color-alt-content-faded);\"><div class=\"w-flipbox-back-h\"><h4 class=\"w-flipbox-back-title\">Animation<\/h4><div class=\"w-flipbox-back-desc\"><p>Jeux (jenga, morpion,<br \/>\ncasse-t\u00eate, fl\u00e9chettes...)<br \/>\nT\u00e9l\u00e9vision \u00e0 \u00e9cran plat<br \/>\navec divers services :<br \/>\nMovistar+, Disney+, Netflix,<br \/>\ncha\u00eenes allemandes et Chromecast.<\/p>\n<\/div><\/div><\/div><\/div><\/div><\/div><div class=\"w-separator size_small\"><\/div><div class=\"w-flipbox animation_cardflip direction_w\"><div class=\"w-flipbox-h easing_easeInOutCirc\" style=\"transition-duration:0.5s;\"><div class=\"w-flipbox-hh\"><div class=\"w-flipbox-front\" style=\"color:var(--color-header-middle-bg);background-image:url(https:\/\/lacasadelbarranco.com\/wp-content\/uploads\/2023\/08\/wifi-1024x683.jpg);\"><div class=\"w-flipbox-front-h\"><h3 class=\"w-flipbox-front-title\">Autre<\/h3><\/div><\/div><div class=\"w-flipbox-back\" style=\"display:none;background:var(--color-alt-content-faded);\"><div class=\"w-flipbox-back-h\"><h4 class=\"w-flipbox-back-title\">Autre<\/h4><div class=\"w-flipbox-back-desc\"><p>Wifi gratuit<br \/>\nParking ext\u00e9rieur pour deux voitures<br \/>\nParking suppl\u00e9mentaire<br \/>\n\u00e0 quelques m\u00e8tres de la maison<\/p>\n<\/div><\/div><\/div><\/div><\/div><\/div><div class=\"w-separator size_small\"><\/div><div class=\"w-flipbox hide_on_default hide_on_laptops hide_on_tablets animation_cardflip direction_w\"><div class=\"w-flipbox-h easing_easeInOutCirc\" style=\"transition-duration:0.5s;\"><div class=\"w-flipbox-hh\"><div class=\"w-flipbox-front\" style=\"color:var(--color-header-middle-bg);background-image:url(https:\/\/lacasadelbarranco.com\/wp-content\/uploads\/2023\/08\/seguridad-1024x683.jpg);\"><div class=\"w-flipbox-front-h\"><h3 class=\"w-flipbox-front-title\">S\u00e9curit\u00e9<\/h3><\/div><\/div><div class=\"w-flipbox-back\" style=\"display:none;background:var(--color-alt-content-faded);\"><div class=\"w-flipbox-back-h\"><h4 class=\"w-flipbox-back-title\">S\u00e9curit\u00e9<\/h4><div class=\"w-flipbox-back-desc\"><p>Extincteurs<br \/>\nD\u00e9tecteurs de fum\u00e9e<br \/>\nCam\u00e9ra de s\u00e9curit\u00e9 ext\u00e9rieure<br \/>\n(\u00e9teinte pendant l'h\u00e9bergement)<\/p>\n<\/div><\/div><\/div><\/div><\/div><\/div><div class=\"w-separator size_small\"><\/div><div class=\"w-flipbox hide_on_default hide_on_laptops hide_on_tablets animation_cardflip direction_w\"><div class=\"w-flipbox-h easing_easeInOutCirc\" style=\"transition-duration:0.5s;\"><div class=\"w-flipbox-hh\"><div class=\"w-flipbox-front\" style=\"background:var(--color-header-top-text-hover);color:var(--color-content-link);\"><div class=\"w-flipbox-front-h\"><div class=\"w-flipbox-front-icon style_default\" style=\"font-size:2rem;\"><i class=\"fas fa-language\"><\/i><\/div><h3 class=\"w-flipbox-front-title\">Langues<\/h3><\/div><\/div><div class=\"w-flipbox-back\" style=\"display:none;background:var(--color-alt-content-faded);\"><div class=\"w-flipbox-back-h\"><h4 class=\"w-flipbox-back-title\">Langues<\/h4><div class=\"w-flipbox-back-desc\"><p>Espagnol<br \/>\nAnglais (par t\u00e9l\u00e9phone)<br \/>\nFran\u00e7ais (par t\u00e9l\u00e9phone)<\/p>\n<\/div><\/div><\/div><\/div><\/div><\/div><\/div><\/div><\/div><\/div><\/div><\/div><\/div><\/section>\n","protected":false},"excerpt":{"rendered":"\u00c9quipements La maison dispose de toutes les commodit\u00e9s n\u00e9cessaires pour votre s\u00e9jour \u00e0 Fasnia, Tenerife. Un havre de paix chaleureux avec des vues panoramiques sur la mer et les montagnes. Votre escapade parfaite dans cette charmante localit\u00e9. SalonSalonCanap\u00e9-lit Portmanteau Coin \u00e0 manger Fauteuil \u00e0 bascule Fauteuil individuel CuisineCuisineFour Bouilloire Grille-pain Micro-ondes Presse agrumes Table \u00e0...","protected":false},"author":1,"featured_media":0,"parent":0,"menu_order":0,"comment_status":"closed","ping_status":"closed","template":"","meta":{"footnotes":""},"class_list":["post-693","page","type-page","status-publish","hentry"],"yoast_head":"<!-- This site is optimized with the Yoast SEO plugin v21.6 - https:\/\/yoast.com\/wordpress\/plugins\/seo\/ -->\n<title>\u00c9quipements - La Casa del Barranco<\/title>\n<meta name=\"robots\" content=\"index, follow, max-snippet:-1, max-image-preview:large, max-video-preview:-1\" \/>\n<link rel=\"canonical\" href=\"https:\/\/lacasadelbarranco.com\/fr\/equipements\/\" \/>\n<meta property=\"og:locale\" content=\"fr_FR\" \/>\n<meta property=\"og:type\" content=\"article\" \/>\n<meta property=\"og:title\" content=\"\u00c9quipements - La Casa del Barranco\" \/>\n<meta property=\"og:url\" content=\"https:\/\/lacasadelbarranco.com\/fr\/equipements\/\" \/>\n<meta property=\"og:site_name\" content=\"La Casa del Barranco\" \/>\n<meta property=\"article:modified_time\" content=\"2023-12-01T16:38:34+00:00\" \/>\n<meta name=\"twitter:card\" content=\"summary_large_image\" \/>\n<meta name=\"twitter:label1\" content=\"Dur\u00e9e de lecture estim\u00e9e\" \/>\n\t<meta name=\"twitter:data1\" content=\"3 minutes\" \/>\n<script type=\"application\/ld+json\" class=\"yoast-schema-graph\">{\"@context\":\"https:\/\/schema.org\",\"@graph\":[{\"@type\":\"WebPage\",\"@id\":\"https:\/\/lacasadelbarranco.com\/fr\/equipements\/\",\"url\":\"https:\/\/lacasadelbarranco.com\/fr\/equipements\/\",\"name\":\"\u00c9quipements - La Casa del Barranco\",\"isPartOf\":{\"@id\":\"https:\/\/lacasadelbarranco.com\/#website\"},\"datePublished\":\"2023-08-11T10:48:51+00:00\",\"dateModified\":\"2023-12-01T16:38:34+00:00\",\"breadcrumb\":{\"@id\":\"https:\/\/lacasadelbarranco.com\/fr\/equipements\/#breadcrumb\"},\"inLanguage\":\"fr-FR\",\"potentialAction\":[{\"@type\":\"ReadAction\",\"target\":[\"https:\/\/lacasadelbarranco.com\/fr\/equipements\/\"]}]},{\"@type\":\"BreadcrumbList\",\"@id\":\"https:\/\/lacasadelbarranco.com\/fr\/equipements\/#breadcrumb\",\"itemListElement\":[{\"@type\":\"ListItem\",\"position\":1,\"name\":\"Portada\",\"item\":\"https:\/\/lacasadelbarranco.com\/\"},{\"@type\":\"ListItem\",\"position\":2,\"name\":\"\u00c9quipements\"}]},{\"@type\":\"WebSite\",\"@id\":\"https:\/\/lacasadelbarranco.com\/#website\",\"url\":\"https:\/\/lacasadelbarranco.com\/\",\"name\":\"La Casa del Barranco\",\"description\":\"\",\"potentialAction\":[{\"@type\":\"SearchAction\",\"target\":{\"@type\":\"EntryPoint\",\"urlTemplate\":\"https:\/\/lacasadelbarranco.com\/?s={search_term_string}\"},\"query-input\":\"required name=search_term_string\"}],\"inLanguage\":\"fr-FR\"}]}<\/script>\n<!-- \/ Yoast SEO plugin. -->","yoast_head_json":{"title":"\u00c9quipements - La Casa del Barranco","robots":{"index":"index","follow":"follow","max-snippet":"max-snippet:-1","max-image-preview":"max-image-preview:large","max-video-preview":"max-video-preview:-1"},"canonical":"https:\/\/lacasadelbarranco.com\/fr\/equipements\/","og_locale":"fr_FR","og_type":"article","og_title":"\u00c9quipements - La Casa del Barranco","og_url":"https:\/\/lacasadelbarranco.com\/fr\/equipements\/","og_site_name":"La Casa del Barranco","article_modified_time":"2023-12-01T16:38:34+00:00","twitter_card":"summary_large_image","twitter_misc":{"Dur\u00e9e de lecture estim\u00e9e":"3 minutes"},"schema":{"@context":"https:\/\/schema.org","@graph":[{"@type":"WebPage","@id":"https:\/\/lacasadelbarranco.com\/fr\/equipements\/","url":"https:\/\/lacasadelbarranco.com\/fr\/equipements\/","name":"\u00c9quipements - La Casa del Barranco","isPartOf":{"@id":"https:\/\/lacasadelbarranco.com\/#website"},"datePublished":"2023-08-11T10:48:51+00:00","dateModified":"2023-12-01T16:38:34+00:00","breadcrumb":{"@id":"https:\/\/lacasadelbarranco.com\/fr\/equipements\/#breadcrumb"},"inLanguage":"fr-FR","potentialAction":[{"@type":"ReadAction","target":["https:\/\/lacasadelbarranco.com\/fr\/equipements\/"]}]},{"@type":"BreadcrumbList","@id":"https:\/\/lacasadelbarranco.com\/fr\/equipements\/#breadcrumb","itemListElement":[{"@type":"ListItem","position":1,"name":"Portada","item":"https:\/\/lacasadelbarranco.com\/"},{"@type":"ListItem","position":2,"name":"\u00c9quipements"}]},{"@type":"WebSite","@id":"https:\/\/lacasadelbarranco.com\/#website","url":"https:\/\/lacasadelbarranco.com\/","name":"La Casa del Barranco","description":"","potentialAction":[{"@type":"SearchAction","target":{"@type":"EntryPoint","urlTemplate":"https:\/\/lacasadelbarranco.com\/?s={search_term_string}"},"query-input":"required name=search_term_string"}],"inLanguage":"fr-FR"}]}},"_links":{"self":[{"href":"https:\/\/lacasadelbarranco.com\/fr\/wp-json\/wp\/v2\/pages\/693","targetHints":{"allow":["GET"]}}],"collection":[{"href":"https:\/\/lacasadelbarranco.com\/fr\/wp-json\/wp\/v2\/pages"}],"about":[{"href":"https:\/\/lacasadelbarranco.com\/fr\/wp-json\/wp\/v2\/types\/page"}],"author":[{"embeddable":true,"href":"https:\/\/lacasadelbarranco.com\/fr\/wp-json\/wp\/v2\/users\/1"}],"replies":[{"embeddable":true,"href":"https:\/\/lacasadelbarranco.com\/fr\/wp-json\/wp\/v2\/comments?post=693"}],"version-history":[{"count":7,"href":"https:\/\/lacasadelbarranco.com\/fr\/wp-json\/wp\/v2\/pages\/693\/revisions"}],"predecessor-version":[{"id":845,"href":"https:\/\/lacasadelbarranco.com\/fr\/wp-json\/wp\/v2\/pages\/693\/revisions\/845"}],"wp:attachment":[{"href":"https:\/\/lacasadelbarranco.com\/fr\/wp-json\/wp\/v2\/media?parent=693"}],"curies":[{"name":"wp","href":"https:\/\/api.w.org\/{rel}","templated":true}]}}