{"id":691,"date":"2023-08-21T15:56:35","date_gmt":"2023-08-21T15:56:35","guid":{"rendered":"https:\/\/lacasadelbarranco.com\/?page_id=691"},"modified":"2023-12-04T14:33:21","modified_gmt":"2023-12-04T14:33:21","slug":"fasnia","status":"publish","type":"page","link":"https:\/\/lacasadelbarranco.com\/fr\/fasnia\/","title":{"rendered":"Fasnia"},"content":{"rendered":"<section class=\"l-section wpb_row height_medium\"><div class=\"l-section-overlay\" style=\"background:var(--color-header-middle-text-hover)\"><\/div><div class=\"l-section-h i-cf\"><div class=\"g-cols vc_row via_grid cols_1 laptops-cols_inherit tablets-cols_inherit mobiles-cols_1 valign_top type_default stacking_default\"><div class=\"wpb_column vc_column_container\"><div class=\"vc_column-inner\">[vc_custom_heading source=\u00a0\u00bbpost_title\u00a0\u00bb font_container=\u00a0\u00bbtag:h1|text_align:center\u00a0\u00bb use_theme_fonts=\u00a0\u00bbyes\u00a0\u00bb css=\u00a0\u00bb%7B%22default%22%3A%7B%22color%22%3A%22_header_middle_text%22%7D%7D\u00a0\u00bb]<\/div><\/div><\/div><\/div><\/section><section class=\"l-section wpb_row us_custom_de366d1c us_animate_this height_medium\"><div class=\"l-section-h i-cf\"><div class=\"g-cols vc_row via_grid cols_1 laptops-cols_inherit tablets-cols_inherit mobiles-cols_1 valign_top type_default stacking_default\"><div class=\"wpb_column vc_column_container\"><div class=\"vc_column-inner\"><div class=\"wpb_text_column us_custom_de366d1c us_animate_this\"><div class=\"wpb_wrapper\"><p>Fasnia est un v\u00e9ritable tr\u00e9sor de l&rsquo;\u00eele de Tenerife.<\/p>\n<p>Cette charmante municipalit\u00e9 vous invite \u00e0 vivre la v\u00e9ritable essence des Canaries, loin des foules touristiques et des complexes h\u00f4teliers.Ici, vous pourrez vous immerger dans la culture locale et d\u00e9couvrir l&rsquo;hospitalit\u00e9 canarienne.<\/p>\n<p>Sa situation strat\u00e9gique vous permet d&rsquo;explorer facilement le nord et le sud de l&rsquo;\u00eele, en faisant de cet endroit l&rsquo;endroit id\u00e9al pour votre escapade \u00e0 Tenerife. Vous pourrez facilement acc\u00e9der \u00e0 l&rsquo;a\u00e9roport du sud (20 minutes) et \u00e0 celui du nord (35 minutes), ainsi qu&rsquo;aux ports de l&rsquo;\u00eele (30 minutes). C&rsquo;est le point de d\u00e9part parfait pour explorer Tenerife.<\/p>\n<p>De plus, vous aurez la mer et la montagne dans la m\u00eame municipalit\u00e9. La majestueuse montagne est \u00e0 seulement quelques minutes, offrant des opportunit\u00e9s exceptionnelles pour la randonn\u00e9e et la connexion avec la nature. En m\u00eame temps, nos plages de Las Eras et Los Roques ne sont qu&rsquo;\u00e0 5 minutes en voiture, vous offrant la possibilit\u00e9 de profiter de l&rsquo;Atlantique et du sable noir qui caract\u00e9rise cette \u00eele. La Casa del Barranco est une maison authentique, locale, canarienne, confortable, calme et bien situ\u00e9e.<\/p>\n<p>Depuis la maison, vous pourrez profiter de la vue sur l&rsquo;oc\u00e9an Atlantique, sur l&rsquo;\u00eele voisine (Gran Canaria) et sur des levers et des couchers de soleil spectaculaires sur la mer et la montagne.<\/p>\n<\/div><\/div><div class=\"w-separator size_medium\"><\/div><div class=\"w-btn-wrapper align_center\"><a class=\"w-btn us-btn-style_2\" title=\"Lieux et liens d\u2019int\u00e9r\u00eat\" href=\"https:\/\/lacasadelbarranco.com\/fr\/sitios-y-enlaces-de-interes\/\"><span class=\"w-btn-label\">Liens d\u2019int\u00e9r\u00eat<\/span><\/a><\/div><div class=\"w-separator size_medium\"><\/div><div class=\"w-grid type_masonry layout_gallery_cropped cols_3 with_isotope with_css_animation ratio_1x1\" id=\"us_grid_1\" style=\"--gap:0.7rem;\" data-filterable=\"true\"><style>@media (max-width:1024px){#us_grid_1 .w-grid-item{width:50%}#us_grid_1 .w-grid-item.size_2x1,#us_grid_1 .w-grid-item.size_2x2{width:100%}}@media (max-width:600px){#us_grid_1 .w-grid-list{margin:0}#us_grid_1 .w-grid-item{width:100%;padding:0;margin-bottom:var(--gap,0px)}}.layout_gallery_cropped .w-grid-item-h:before{padding-bottom:100%}@media (min-width:601px){.layout_gallery_cropped .w-grid-item.size_1x2 .w-grid-item-h:before{padding-bottom:calc(200% + var(--gap,0px) * 2)}.layout_gallery_cropped .w-grid-item.size_2x1 .w-grid-item-h:before{padding-bottom:calc(50% - var(--gap,0px) * 1)}.layout_gallery_cropped .w-grid-item.size_2x2 .w-grid-item-h:before{padding-bottom:calc(100% - var(--gap,0px) * 0)}}.layout_gallery_cropped .w-grid-item-h{}.layout_gallery_cropped .usg_post_image_1{position:absolute!important;left:0!important;top:0!important;bottom:0!important;right:0!important}<\/style><div class=\"w-grid-list\">\t<article class=\"w-grid-item us_animate_afc off_autostart post-799 attachment type-attachment status-inherit hentry\" data-id=\"799\" style=\"animation-delay:0s\">\r\n\t\t<div class=\"w-grid-item-h\">\r\n\t\t\t\t\t\t\t<a class=\"w-grid-item-anchor\" href=\"https:\/\/lacasadelbarranco.com\/wp-content\/uploads\/2023\/11\/fasnia-montana-ermita-1.jpg\" ref=\"magnificPopupGrid\" title=\"fasnia-montana-ermita-1\"><\/a>\r\n\t\t\t\t\t\t<div class=\"w-post-elm post_image usg_post_image_1 stretched\"><img loading=\"lazy\" decoding=\"async\" width=\"1024\" height=\"656\" src=\"https:\/\/lacasadelbarranco.com\/wp-content\/uploads\/2023\/11\/fasnia-montana-ermita-1.jpg\" class=\"attachment-large size-large\" alt=\"\" srcset=\"https:\/\/lacasadelbarranco.com\/wp-content\/uploads\/2023\/11\/fasnia-montana-ermita-1.jpg 1024w, https:\/\/lacasadelbarranco.com\/wp-content\/uploads\/2023\/11\/fasnia-montana-ermita-1-300x192.jpg 300w\" sizes=\"auto, (max-width: 1024px) 100vw, 1024px\" \/><\/div>\t\t<\/div>\r\n\t<\/article>\r\n\t<article class=\"w-grid-item us_animate_afc off_autostart post-802 attachment type-attachment status-inherit hentry\" data-id=\"802\" style=\"animation-delay:0.1s\">\r\n\t\t<div class=\"w-grid-item-h\">\r\n\t\t\t\t\t\t\t<a class=\"w-grid-item-anchor\" href=\"https:\/\/lacasadelbarranco.com\/wp-content\/uploads\/2023\/11\/2019-04-06.jpg\" ref=\"magnificPopupGrid\" title=\"2019-04-06\"><\/a>\r\n\t\t\t\t\t\t<div class=\"w-post-elm post_image usg_post_image_1 stretched\"><img loading=\"lazy\" decoding=\"async\" width=\"1024\" height=\"576\" src=\"https:\/\/lacasadelbarranco.com\/wp-content\/uploads\/2023\/11\/2019-04-06-1024x576.jpg\" class=\"attachment-large size-large\" alt=\"\" srcset=\"https:\/\/lacasadelbarranco.com\/wp-content\/uploads\/2023\/11\/2019-04-06-1024x576.jpg 1024w, https:\/\/lacasadelbarranco.com\/wp-content\/uploads\/2023\/11\/2019-04-06-300x169.jpg 300w, https:\/\/lacasadelbarranco.com\/wp-content\/uploads\/2023\/11\/2019-04-06.jpg 1600w\" sizes=\"auto, (max-width: 1024px) 100vw, 1024px\" \/><\/div>\t\t<\/div>\r\n\t<\/article>\r\n\t<article class=\"w-grid-item us_animate_afc off_autostart post-805 attachment type-attachment status-inherit hentry\" data-id=\"805\" style=\"animation-delay:0.2s\">\r\n\t\t<div class=\"w-grid-item-h\">\r\n\t\t\t\t\t\t\t<a class=\"w-grid-item-anchor\" href=\"https:\/\/lacasadelbarranco.com\/wp-content\/uploads\/2023\/11\/ALD8029-plaza-de-la-iglesia-1.jpg\" ref=\"magnificPopupGrid\" title=\"ALD8029-plaza-de-la-iglesia-1\"><\/a>\r\n\t\t\t\t\t\t<div class=\"w-post-elm post_image usg_post_image_1 stretched\"><img loading=\"lazy\" decoding=\"async\" width=\"1024\" height=\"684\" src=\"https:\/\/lacasadelbarranco.com\/wp-content\/uploads\/2023\/11\/ALD8029-plaza-de-la-iglesia-1-1024x684.jpg\" class=\"attachment-large size-large\" alt=\"\" srcset=\"https:\/\/lacasadelbarranco.com\/wp-content\/uploads\/2023\/11\/ALD8029-plaza-de-la-iglesia-1-1024x684.jpg 1024w, https:\/\/lacasadelbarranco.com\/wp-content\/uploads\/2023\/11\/ALD8029-plaza-de-la-iglesia-1-300x200.jpg 300w, https:\/\/lacasadelbarranco.com\/wp-content\/uploads\/2023\/11\/ALD8029-plaza-de-la-iglesia-1.jpg 1062w\" sizes=\"auto, (max-width: 1024px) 100vw, 1024px\" \/><\/div>\t\t<\/div>\r\n\t<\/article>\r\n<\/div><div class=\"w-grid-preloader\"><div class=\"g-preloader type_1\">\r\n\t<div><\/div>\r\n<\/div>\r\n<\/div>\t<div class=\"w-grid-json hidden\" onclick='return {&quot;action&quot;:&quot;us_ajax_grid&quot;,&quot;ajax_url&quot;:&quot;https:\\\/\\\/lacasadelbarranco.com\\\/wp-admin\\\/admin-ajax.php&quot;,&quot;infinite_scroll&quot;:0,&quot;max_num_pages&quot;:1,&quot;pagination&quot;:&quot;none&quot;,&quot;permalink_url&quot;:&quot;https:\\\/\\\/lacasadelbarranco.com\\\/fr\\\/wp-json\\\/wp\\\/v2\\\/pages\\\/691\\\/&quot;,&quot;template_vars&quot;:{&quot;columns&quot;:&quot;3&quot;,&quot;exclude_items&quot;:&quot;none&quot;,&quot;img_size&quot;:&quot;default&quot;,&quot;ignore_items_size&quot;:0,&quot;items_layout&quot;:&quot;gallery_cropped&quot;,&quot;items_offset&quot;:&quot;1&quot;,&quot;load_animation&quot;:&quot;afc&quot;,&quot;overriding_link&quot;:&quot;popup_post_image&quot;,&quot;post_id&quot;:0,&quot;query_args&quot;:{&quot;post_type&quot;:[&quot;attachment&quot;],&quot;post__in&quot;:[&quot;799&quot;,&quot;802&quot;,&quot;805&quot;],&quot;post_status&quot;:&quot;inherit&quot;,&quot;post_mime_type&quot;:&quot;image&quot;,&quot;posts_per_page&quot;:&quot;10&quot;},&quot;orderby_query_args&quot;:{&quot;orderby&quot;:{&quot;post__in&quot;:&quot;ASC&quot;},&quot;order&quot;:&quot;ASC&quot;},&quot;type&quot;:&quot;masonry&quot;,&quot;us_grid_ajax_index&quot;:1,&quot;us_grid_filter_params&quot;:null,&quot;us_grid_index&quot;:1,&quot;_us_grid_post_type&quot;:&quot;attachment&quot;,&quot;page_args&quot;:[],&quot;lang&quot;:&quot;fr&quot;}}'><\/div>\r\n\t<\/div><\/div><\/div><\/div><\/div><\/section>\n","protected":false},"excerpt":{"rendered":"","protected":false},"author":1,"featured_media":0,"parent":0,"menu_order":0,"comment_status":"closed","ping_status":"closed","template":"","meta":{"footnotes":""},"class_list":["post-691","page","type-page","status-publish","hentry"],"yoast_head":"<!-- This site is optimized with the Yoast SEO plugin v21.6 - https:\/\/yoast.com\/wordpress\/plugins\/seo\/ -->\n<title>Fasnia - La Casa del Barranco<\/title>\n<meta name=\"robots\" content=\"index, follow, max-snippet:-1, max-image-preview:large, max-video-preview:-1\" \/>\n<link rel=\"canonical\" href=\"https:\/\/lacasadelbarranco.com\/fr\/fasnia\/\" \/>\n<meta property=\"og:locale\" content=\"fr_FR\" \/>\n<meta property=\"og:type\" content=\"article\" \/>\n<meta property=\"og:title\" content=\"Fasnia - La Casa del Barranco\" \/>\n<meta property=\"og:url\" content=\"https:\/\/lacasadelbarranco.com\/fr\/fasnia\/\" \/>\n<meta property=\"og:site_name\" content=\"La Casa del Barranco\" \/>\n<meta property=\"article:modified_time\" content=\"2023-12-04T14:33:21+00:00\" \/>\n<meta name=\"twitter:card\" content=\"summary_large_image\" \/>\n<meta name=\"twitter:label1\" content=\"Dur\u00e9e de lecture estim\u00e9e\" \/>\n\t<meta name=\"twitter:data1\" content=\"2 minutes\" \/>\n<script type=\"application\/ld+json\" class=\"yoast-schema-graph\">{\"@context\":\"https:\/\/schema.org\",\"@graph\":[{\"@type\":\"WebPage\",\"@id\":\"https:\/\/lacasadelbarranco.com\/fr\/fasnia\/\",\"url\":\"https:\/\/lacasadelbarranco.com\/fr\/fasnia\/\",\"name\":\"Fasnia - La Casa del Barranco\",\"isPartOf\":{\"@id\":\"https:\/\/lacasadelbarranco.com\/#website\"},\"datePublished\":\"2023-08-21T15:56:35+00:00\",\"dateModified\":\"2023-12-04T14:33:21+00:00\",\"breadcrumb\":{\"@id\":\"https:\/\/lacasadelbarranco.com\/fr\/fasnia\/#breadcrumb\"},\"inLanguage\":\"fr-FR\",\"potentialAction\":[{\"@type\":\"ReadAction\",\"target\":[\"https:\/\/lacasadelbarranco.com\/fr\/fasnia\/\"]}]},{\"@type\":\"BreadcrumbList\",\"@id\":\"https:\/\/lacasadelbarranco.com\/fr\/fasnia\/#breadcrumb\",\"itemListElement\":[{\"@type\":\"ListItem\",\"position\":1,\"name\":\"Portada\",\"item\":\"https:\/\/lacasadelbarranco.com\/\"},{\"@type\":\"ListItem\",\"position\":2,\"name\":\"Fasnia\"}]},{\"@type\":\"WebSite\",\"@id\":\"https:\/\/lacasadelbarranco.com\/#website\",\"url\":\"https:\/\/lacasadelbarranco.com\/\",\"name\":\"La Casa del Barranco\",\"description\":\"\",\"potentialAction\":[{\"@type\":\"SearchAction\",\"target\":{\"@type\":\"EntryPoint\",\"urlTemplate\":\"https:\/\/lacasadelbarranco.com\/?s={search_term_string}\"},\"query-input\":\"required name=search_term_string\"}],\"inLanguage\":\"fr-FR\"}]}<\/script>\n<!-- \/ Yoast SEO plugin. -->","yoast_head_json":{"title":"Fasnia - La Casa del Barranco","robots":{"index":"index","follow":"follow","max-snippet":"max-snippet:-1","max-image-preview":"max-image-preview:large","max-video-preview":"max-video-preview:-1"},"canonical":"https:\/\/lacasadelbarranco.com\/fr\/fasnia\/","og_locale":"fr_FR","og_type":"article","og_title":"Fasnia - La Casa del Barranco","og_url":"https:\/\/lacasadelbarranco.com\/fr\/fasnia\/","og_site_name":"La Casa del Barranco","article_modified_time":"2023-12-04T14:33:21+00:00","twitter_card":"summary_large_image","twitter_misc":{"Dur\u00e9e de lecture estim\u00e9e":"2 minutes"},"schema":{"@context":"https:\/\/schema.org","@graph":[{"@type":"WebPage","@id":"https:\/\/lacasadelbarranco.com\/fr\/fasnia\/","url":"https:\/\/lacasadelbarranco.com\/fr\/fasnia\/","name":"Fasnia - La Casa del Barranco","isPartOf":{"@id":"https:\/\/lacasadelbarranco.com\/#website"},"datePublished":"2023-08-21T15:56:35+00:00","dateModified":"2023-12-04T14:33:21+00:00","breadcrumb":{"@id":"https:\/\/lacasadelbarranco.com\/fr\/fasnia\/#breadcrumb"},"inLanguage":"fr-FR","potentialAction":[{"@type":"ReadAction","target":["https:\/\/lacasadelbarranco.com\/fr\/fasnia\/"]}]},{"@type":"BreadcrumbList","@id":"https:\/\/lacasadelbarranco.com\/fr\/fasnia\/#breadcrumb","itemListElement":[{"@type":"ListItem","position":1,"name":"Portada","item":"https:\/\/lacasadelbarranco.com\/"},{"@type":"ListItem","position":2,"name":"Fasnia"}]},{"@type":"WebSite","@id":"https:\/\/lacasadelbarranco.com\/#website","url":"https:\/\/lacasadelbarranco.com\/","name":"La Casa del Barranco","description":"","potentialAction":[{"@type":"SearchAction","target":{"@type":"EntryPoint","urlTemplate":"https:\/\/lacasadelbarranco.com\/?s={search_term_string}"},"query-input":"required name=search_term_string"}],"inLanguage":"fr-FR"}]}},"_links":{"self":[{"href":"https:\/\/lacasadelbarranco.com\/fr\/wp-json\/wp\/v2\/pages\/691","targetHints":{"allow":["GET"]}}],"collection":[{"href":"https:\/\/lacasadelbarranco.com\/fr\/wp-json\/wp\/v2\/pages"}],"about":[{"href":"https:\/\/lacasadelbarranco.com\/fr\/wp-json\/wp\/v2\/types\/page"}],"author":[{"embeddable":true,"href":"https:\/\/lacasadelbarranco.com\/fr\/wp-json\/wp\/v2\/users\/1"}],"replies":[{"embeddable":true,"href":"https:\/\/lacasadelbarranco.com\/fr\/wp-json\/wp\/v2\/comments?post=691"}],"version-history":[{"count":7,"href":"https:\/\/lacasadelbarranco.com\/fr\/wp-json\/wp\/v2\/pages\/691\/revisions"}],"predecessor-version":[{"id":1017,"href":"https:\/\/lacasadelbarranco.com\/fr\/wp-json\/wp\/v2\/pages\/691\/revisions\/1017"}],"wp:attachment":[{"href":"https:\/\/lacasadelbarranco.com\/fr\/wp-json\/wp\/v2\/media?parent=691"}],"curies":[{"name":"wp","href":"https:\/\/api.w.org\/{rel}","templated":true}]}}