{"id":672,"date":"2023-08-11T10:22:34","date_gmt":"2023-08-11T10:22:34","guid":{"rendered":"https:\/\/lacasadelbarranco.com\/?page_id=672"},"modified":"2023-11-16T14:39:51","modified_gmt":"2023-11-16T14:39:51","slug":"commentaires","status":"publish","type":"page","link":"https:\/\/lacasadelbarranco.com\/fr\/commentaires\/","title":{"rendered":"Commentaires"},"content":{"rendered":"<section class=\"l-section wpb_row height_medium color_primary\"><div class=\"l-section-overlay\" style=\"background:var(--color-header-middle-text-hover)\"><\/div><div class=\"l-section-h i-cf\"><div class=\"g-cols vc_row via_grid cols_1 laptops-cols_inherit tablets-cols_inherit mobiles-cols_1 valign_top type_default stacking_default\"><div class=\"wpb_column vc_column_container\"><div class=\"vc_column-inner\"><h1 class=\"w-text us_custom_28784076 has_text_color\"><span class=\"w-text-h\"><span class=\"w-text-value\">Commentaires<\/span><\/span><\/h1><\/div><\/div><\/div><\/div><\/section><section class=\"l-section wpb_row height_medium\"><div class=\"l-section-h i-cf\"><div class=\"g-cols vc_row via_grid cols_1 laptops-cols_inherit tablets-cols_inherit mobiles-cols_1 valign_top type_default stacking_default\"><div class=\"wpb_column vc_column_container\"><div class=\"vc_column-inner\"><div class=\"w-grid type_grid layout_testimonial_6 cols_3 with_css_animation\" id=\"us_grid_1\" style=\"--gap:1rem;\" data-filterable=\"true\"><style>@media (max-width:1024px){#us_grid_1 .w-grid-item{width:50%}}@media (max-width:600px){#us_grid_1 .w-grid-list{margin:0}#us_grid_1 .w-grid-item{width:100%;padding:0;margin-bottom:var(--gap,0px)}}.layout_testimonial_6 .w-grid-item-h{}.layout_testimonial_6 .usg_hwrapper_1{padding-top:1.5rem!important;padding-right:2.5rem!important;padding-left:2.5rem!important}.layout_testimonial_6 .usg_post_image_1{width:4rem!important;margin-left:0!important;margin-right:1rem!important}.layout_testimonial_6 .usg_post_custom_field_1{font-weight:700!important;line-height:1.5!important;margin-bottom:0!important}.layout_testimonial_6 .usg_post_custom_field_2{color:var(--color-content-faded)!important;font-size:0.9rem!important;line-height:1.5!important}.layout_testimonial_6 .usg_vwrapper_2{color:var(--color-content-text)!important;border-radius:0.3rem!important;background:var(--color-content-bg-alt)!important;padding:2rem 2.5rem 2rem 2.5rem!important}.layout_testimonial_6 .usg_post_custom_field_3{color:#fb0!important}<\/style><div class=\"w-grid-list\">\t<article class=\"w-grid-item us_animate_fade post-813 us_testimonial type-us_testimonial status-publish hentry us_testimonial_category-fr\" data-id=\"813\" style=\"animation-delay:0s\">\r\n\t\t<div class=\"w-grid-item-h\">\r\n\t\t\t\t\t\t<div class=\"w-vwrapper usg_vwrapper_2 grid_arrow_bottom has_text_color align_none valign_top\"><div class=\"w-post-elm post_custom_field usg_post_custom_field_3 has_text_color type_icon us_testimonial_rating\"><div class=\"w-testimonial-rating\"><i><\/i><i><\/i><i><\/i><i><\/i><i><\/i><\/div><\/div><div class=\"w-post-elm post_content usg_post_content_1\"><p>La maison est tr\u00e8s jolie et tr\u00e8s bien d\u00e9cor\u00e9e.<\/p>\n<p>L&rsquo;accueil en fran\u00e7ais \u00e9tait tr\u00e8s agr\u00e9able et le fait d&rsquo;avoir de quoi faire un vrai petit d\u00e9jeuner en arrivant \u00e9tait tr\u00e8s sympa.<\/p>\n<\/div><\/div><div class=\"w-hwrapper usg_hwrapper_1 align_none valign_middle\"><div class=\"w-vwrapper usg_vwrapper_1 align_none valign_top\"><div class=\"w-post-elm post_custom_field usg_post_custom_field_1 type_text us_testimonial_author\"><span class=\"w-post-elm-value\">Booking.com<\/span><\/div><div class=\"w-post-elm post_custom_field usg_post_custom_field_2 has_text_color type_text us_testimonial_role\"><span class=\"w-post-elm-value\"><\/span><\/div><\/div><\/div>\t\t<\/div>\r\n\t<\/article>\r\n\t<article class=\"w-grid-item us_animate_fade post-812 us_testimonial type-us_testimonial status-publish hentry us_testimonial_category-fr\" data-id=\"812\" style=\"animation-delay:0.1s\">\r\n\t\t<div class=\"w-grid-item-h\">\r\n\t\t\t\t\t\t<div class=\"w-vwrapper usg_vwrapper_2 grid_arrow_bottom has_text_color align_none valign_top\"><div class=\"w-post-elm post_custom_field usg_post_custom_field_3 has_text_color type_icon us_testimonial_rating\"><div class=\"w-testimonial-rating\"><i><\/i><i><\/i><i><\/i><i><\/i><i><\/i><\/div><\/div><div class=\"w-post-elm post_content usg_post_content_1\"><p>Fabuleux.<\/p>\n<p>Une maison agr\u00e9able, spacieuse o\u00f9 chacun a une grande chambre tr\u00e8s confortable.<\/p>\n<p>Un jardin bien entretenu, une vue montagne et mer.<\/p>\n<p>Un havre de paix pr\u00e8s de tout en \u00e9tant calme.<\/p>\n<p>Les propri\u00e9taires sont bienveillants et plein de gentillesse.<\/p>\n<p>Je recommande vivement !!<\/p>\n<\/div><\/div><div class=\"w-hwrapper usg_hwrapper_1 align_none valign_middle\"><div class=\"w-vwrapper usg_vwrapper_1 align_none valign_top\"><div class=\"w-post-elm post_custom_field usg_post_custom_field_1 type_text us_testimonial_author\"><span class=\"w-post-elm-value\">Booking.com<\/span><\/div><div class=\"w-post-elm post_custom_field usg_post_custom_field_2 has_text_color type_text us_testimonial_role\"><span class=\"w-post-elm-value\"><\/span><\/div><\/div><\/div>\t\t<\/div>\r\n\t<\/article>\r\n\t<article class=\"w-grid-item us_animate_fade post-811 us_testimonial type-us_testimonial status-publish hentry us_testimonial_category-fr\" data-id=\"811\" style=\"animation-delay:0.2s\">\r\n\t\t<div class=\"w-grid-item-h\">\r\n\t\t\t\t\t\t<div class=\"w-vwrapper usg_vwrapper_2 grid_arrow_bottom has_text_color align_none valign_top\"><div class=\"w-post-elm post_custom_field usg_post_custom_field_3 has_text_color type_icon us_testimonial_rating\"><div class=\"w-testimonial-rating\"><i><\/i><i><\/i><i><\/i><i><\/i><i><\/i><\/div><\/div><div class=\"w-post-elm post_content usg_post_content_1\"><p>Belle d\u00e9couverte<\/p>\n<p>Arriv\u00e9s vers 20h30, nous avons \u00e9t\u00e9 accueillis avec de grands sourires.<\/p>\n<p>Le logement est tr\u00e8s spacieux, tr\u00e8s propre, situ\u00e9 au calme.<\/p>\n<p>Il s&rsquo;agit d&rsquo;une ancienne maison ayant appartenu aux anc\u00eatres des propri\u00e9taires, d\u00e9cor\u00e9e avec go\u00fbt. Une belle r\u00e9ussite !<\/p>\n<p>La literie est tr\u00e8s confortable, c&rsquo;est bien appr\u00e9ciable, et la propret\u00e9 irr\u00e9prochable.<\/p>\n<p>La vue sur la mer est imprenable.<\/p>\n<\/div><\/div><div class=\"w-hwrapper usg_hwrapper_1 align_none valign_middle\"><div class=\"w-vwrapper usg_vwrapper_1 align_none valign_top\"><div class=\"w-post-elm post_custom_field usg_post_custom_field_1 type_text us_testimonial_author\"><span class=\"w-post-elm-value\">Booking.com<\/span><\/div><div class=\"w-post-elm post_custom_field usg_post_custom_field_2 has_text_color type_text us_testimonial_role\"><span class=\"w-post-elm-value\"><\/span><\/div><\/div><\/div>\t\t<\/div>\r\n\t<\/article>\r\n\t<article class=\"w-grid-item us_animate_fade post-810 us_testimonial type-us_testimonial status-publish hentry us_testimonial_category-fr\" data-id=\"810\" style=\"animation-delay:0.3s\">\r\n\t\t<div class=\"w-grid-item-h\">\r\n\t\t\t\t\t\t<div class=\"w-vwrapper usg_vwrapper_2 grid_arrow_bottom has_text_color align_none valign_top\"><div class=\"w-post-elm post_custom_field usg_post_custom_field_3 has_text_color type_icon us_testimonial_rating\"><div class=\"w-testimonial-rating\"><i><\/i><i><\/i><i><\/i><i><\/i><i><\/i><\/div><\/div><div class=\"w-post-elm post_content usg_post_content_1\"><p>Excellent accueil de la part de la fille des propri\u00e9taires qui ma\u00eetrise le fran\u00e7ais parfaitement.<\/p>\n<p>Excellente tenue de la propri\u00e9taire de la maison en ce qui concerne la propret\u00e9 (impeccable), les petites attention (produits de la r\u00e9gion \u00e0 l\u2019arriv\u00e9e, caf\u00e9, produits d\u2019accueil salle d\u2019eau,\u2026).<\/p>\n<p>Grandes chambres, grand s\u00e9jour.<\/p>\n<\/div><\/div><div class=\"w-hwrapper usg_hwrapper_1 align_none valign_middle\"><div class=\"w-vwrapper usg_vwrapper_1 align_none valign_top\"><div class=\"w-post-elm post_custom_field usg_post_custom_field_1 type_text us_testimonial_author\"><span class=\"w-post-elm-value\">Booking.com<\/span><\/div><div class=\"w-post-elm post_custom_field usg_post_custom_field_2 has_text_color type_text us_testimonial_role\"><span class=\"w-post-elm-value\"><\/span><\/div><\/div><\/div>\t\t<\/div>\r\n\t<\/article>\r\n<\/div><div class=\"w-grid-preloader\"><div class=\"g-preloader type_1\">\r\n\t<div><\/div>\r\n<\/div>\r\n<\/div>\t<div class=\"w-grid-json hidden\" onclick='return {&quot;action&quot;:&quot;us_ajax_grid&quot;,&quot;ajax_url&quot;:&quot;https:\\\/\\\/lacasadelbarranco.com\\\/wp-admin\\\/admin-ajax.php&quot;,&quot;infinite_scroll&quot;:0,&quot;max_num_pages&quot;:1,&quot;pagination&quot;:&quot;ajax&quot;,&quot;permalink_url&quot;:&quot;https:\\\/\\\/lacasadelbarranco.com\\\/fr\\\/wp-json\\\/wp\\\/v2\\\/pages\\\/672\\\/&quot;,&quot;template_vars&quot;:{&quot;columns&quot;:&quot;3&quot;,&quot;exclude_items&quot;:&quot;none&quot;,&quot;img_size&quot;:&quot;default&quot;,&quot;ignore_items_size&quot;:0,&quot;items_layout&quot;:&quot;testimonial_6&quot;,&quot;items_offset&quot;:&quot;1&quot;,&quot;load_animation&quot;:&quot;fade&quot;,&quot;overriding_link&quot;:&quot;none&quot;,&quot;post_id&quot;:0,&quot;query_args&quot;:{&quot;post_type&quot;:[&quot;us_testimonial&quot;],&quot;tax_query&quot;:[{&quot;taxonomy&quot;:&quot;us_testimonial_category&quot;,&quot;field&quot;:&quot;slug&quot;,&quot;terms&quot;:[&quot;fr&quot;]}],&quot;post_status&quot;:[&quot;publish&quot;],&quot;posts_per_page&quot;:&quot;6&quot;},&quot;orderby_query_args&quot;:{&quot;orderby&quot;:{&quot;date&quot;:&quot;DESC&quot;}},&quot;type&quot;:&quot;grid&quot;,&quot;us_grid_ajax_index&quot;:1,&quot;us_grid_filter_params&quot;:null,&quot;us_grid_index&quot;:1,&quot;_us_grid_post_type&quot;:&quot;us_testimonial&quot;,&quot;page_args&quot;:[],&quot;lang&quot;:&quot;fr&quot;}}'><\/div>\r\n\t<\/div><\/div><\/div><\/div><\/div><\/section>\n","protected":false},"excerpt":{"rendered":"Excellent accueil de la part de la fille des propri\u00e9taires qui ma\u00eetrise le fran\u00e7ais parfaitement. Excellente tenue de la propri\u00e9taire de la maison en ce qui concerne la propret\u00e9 (impeccable), les petites attention (produits de la r\u00e9gion \u00e0 l\u2019arriv\u00e9e, caf\u00e9, produits d\u2019accueil salle d\u2019eau,\u2026). Grandes chambres, grand s\u00e9jour.","protected":false},"author":1,"featured_media":0,"parent":0,"menu_order":0,"comment_status":"closed","ping_status":"closed","template":"","meta":{"footnotes":""},"class_list":["post-672","page","type-page","status-publish","hentry"],"yoast_head":"<!-- This site is optimized with the Yoast SEO plugin v21.6 - https:\/\/yoast.com\/wordpress\/plugins\/seo\/ -->\n<title>Commentaires - La Casa del Barranco<\/title>\n<meta name=\"robots\" content=\"index, follow, max-snippet:-1, max-image-preview:large, max-video-preview:-1\" \/>\n<link rel=\"canonical\" href=\"https:\/\/lacasadelbarranco.com\/fr\/commentaires\/\" \/>\n<meta property=\"og:locale\" content=\"fr_FR\" \/>\n<meta property=\"og:type\" content=\"article\" \/>\n<meta property=\"og:title\" content=\"Commentaires - La Casa del Barranco\" \/>\n<meta property=\"og:url\" content=\"https:\/\/lacasadelbarranco.com\/fr\/commentaires\/\" \/>\n<meta property=\"og:site_name\" content=\"La Casa del Barranco\" \/>\n<meta property=\"article:modified_time\" content=\"2023-11-16T14:39:51+00:00\" \/>\n<meta name=\"twitter:card\" content=\"summary_large_image\" \/>\n<script type=\"application\/ld+json\" class=\"yoast-schema-graph\">{\"@context\":\"https:\/\/schema.org\",\"@graph\":[{\"@type\":\"WebPage\",\"@id\":\"https:\/\/lacasadelbarranco.com\/fr\/commentaires\/\",\"url\":\"https:\/\/lacasadelbarranco.com\/fr\/commentaires\/\",\"name\":\"Commentaires - La Casa del Barranco\",\"isPartOf\":{\"@id\":\"https:\/\/lacasadelbarranco.com\/#website\"},\"datePublished\":\"2023-08-11T10:22:34+00:00\",\"dateModified\":\"2023-11-16T14:39:51+00:00\",\"breadcrumb\":{\"@id\":\"https:\/\/lacasadelbarranco.com\/fr\/commentaires\/#breadcrumb\"},\"inLanguage\":\"fr-FR\",\"potentialAction\":[{\"@type\":\"ReadAction\",\"target\":[\"https:\/\/lacasadelbarranco.com\/fr\/commentaires\/\"]}]},{\"@type\":\"BreadcrumbList\",\"@id\":\"https:\/\/lacasadelbarranco.com\/fr\/commentaires\/#breadcrumb\",\"itemListElement\":[{\"@type\":\"ListItem\",\"position\":1,\"name\":\"Portada\",\"item\":\"https:\/\/lacasadelbarranco.com\/\"},{\"@type\":\"ListItem\",\"position\":2,\"name\":\"Commentaires\"}]},{\"@type\":\"WebSite\",\"@id\":\"https:\/\/lacasadelbarranco.com\/#website\",\"url\":\"https:\/\/lacasadelbarranco.com\/\",\"name\":\"La Casa del Barranco\",\"description\":\"\",\"potentialAction\":[{\"@type\":\"SearchAction\",\"target\":{\"@type\":\"EntryPoint\",\"urlTemplate\":\"https:\/\/lacasadelbarranco.com\/?s={search_term_string}\"},\"query-input\":\"required name=search_term_string\"}],\"inLanguage\":\"fr-FR\"}]}<\/script>\n<!-- \/ Yoast SEO plugin. -->","yoast_head_json":{"title":"Commentaires - La Casa del Barranco","robots":{"index":"index","follow":"follow","max-snippet":"max-snippet:-1","max-image-preview":"max-image-preview:large","max-video-preview":"max-video-preview:-1"},"canonical":"https:\/\/lacasadelbarranco.com\/fr\/commentaires\/","og_locale":"fr_FR","og_type":"article","og_title":"Commentaires - La Casa del Barranco","og_url":"https:\/\/lacasadelbarranco.com\/fr\/commentaires\/","og_site_name":"La Casa del Barranco","article_modified_time":"2023-11-16T14:39:51+00:00","twitter_card":"summary_large_image","schema":{"@context":"https:\/\/schema.org","@graph":[{"@type":"WebPage","@id":"https:\/\/lacasadelbarranco.com\/fr\/commentaires\/","url":"https:\/\/lacasadelbarranco.com\/fr\/commentaires\/","name":"Commentaires - La Casa del Barranco","isPartOf":{"@id":"https:\/\/lacasadelbarranco.com\/#website"},"datePublished":"2023-08-11T10:22:34+00:00","dateModified":"2023-11-16T14:39:51+00:00","breadcrumb":{"@id":"https:\/\/lacasadelbarranco.com\/fr\/commentaires\/#breadcrumb"},"inLanguage":"fr-FR","potentialAction":[{"@type":"ReadAction","target":["https:\/\/lacasadelbarranco.com\/fr\/commentaires\/"]}]},{"@type":"BreadcrumbList","@id":"https:\/\/lacasadelbarranco.com\/fr\/commentaires\/#breadcrumb","itemListElement":[{"@type":"ListItem","position":1,"name":"Portada","item":"https:\/\/lacasadelbarranco.com\/"},{"@type":"ListItem","position":2,"name":"Commentaires"}]},{"@type":"WebSite","@id":"https:\/\/lacasadelbarranco.com\/#website","url":"https:\/\/lacasadelbarranco.com\/","name":"La Casa del Barranco","description":"","potentialAction":[{"@type":"SearchAction","target":{"@type":"EntryPoint","urlTemplate":"https:\/\/lacasadelbarranco.com\/?s={search_term_string}"},"query-input":"required name=search_term_string"}],"inLanguage":"fr-FR"}]}},"_links":{"self":[{"href":"https:\/\/lacasadelbarranco.com\/fr\/wp-json\/wp\/v2\/pages\/672","targetHints":{"allow":["GET"]}}],"collection":[{"href":"https:\/\/lacasadelbarranco.com\/fr\/wp-json\/wp\/v2\/pages"}],"about":[{"href":"https:\/\/lacasadelbarranco.com\/fr\/wp-json\/wp\/v2\/types\/page"}],"author":[{"embeddable":true,"href":"https:\/\/lacasadelbarranco.com\/fr\/wp-json\/wp\/v2\/users\/1"}],"replies":[{"embeddable":true,"href":"https:\/\/lacasadelbarranco.com\/fr\/wp-json\/wp\/v2\/comments?post=672"}],"version-history":[{"count":3,"href":"https:\/\/lacasadelbarranco.com\/fr\/wp-json\/wp\/v2\/pages\/672\/revisions"}],"predecessor-version":[{"id":815,"href":"https:\/\/lacasadelbarranco.com\/fr\/wp-json\/wp\/v2\/pages\/672\/revisions\/815"}],"wp:attachment":[{"href":"https:\/\/lacasadelbarranco.com\/fr\/wp-json\/wp\/v2\/media?parent=672"}],"curies":[{"name":"wp","href":"https:\/\/api.w.org\/{rel}","templated":true}]}}