{"id":661,"date":"2023-08-10T15:40:06","date_gmt":"2023-08-10T15:40:06","guid":{"rendered":"https:\/\/lacasadelbarranco.com\/?page_id=661"},"modified":"2023-11-17T08:07:10","modified_gmt":"2023-11-17T08:07:10","slug":"nostre-historie","status":"publish","type":"page","link":"https:\/\/lacasadelbarranco.com\/fr\/nostre-historie\/","title":{"rendered":"Nostre historie"},"content":{"rendered":"<section class=\"l-section wpb_row us_custom_df5f4c97 has_text_color height_medium\"><div class=\"l-section-overlay\" style=\"background:var(--color-header-middle-text-hover)\"><\/div><div class=\"l-section-h i-cf\"><div class=\"g-cols vc_row via_grid cols_1 laptops-cols_inherit tablets-cols_inherit mobiles-cols_1 valign_top type_default stacking_default\"><div class=\"wpb_column vc_column_container\"><div class=\"vc_column-inner\"><h1 class=\"w-text us_custom_0f0f7251\"><span class=\"w-text-h\"><span class=\"w-text-value\">Nostre histoire<\/span><\/span><\/h1><\/div><\/div><\/div><\/div><\/section><section class=\"l-section wpb_row hide_on_mobiles height_medium\"><div class=\"l-section-h i-cf\"><div class=\"g-cols vc_row via_grid cols_1 laptops-cols_inherit tablets-cols_inherit mobiles-cols_1 valign_top type_default stacking_default\"><div class=\"wpb_column vc_column_container\"><div class=\"vc_column-inner\"><div class=\"wpb_text_column us_custom_5374f916 us_animate_this\"><div class=\"wpb_wrapper\"><p><a ref=\"magnificPopup\" href=\"https:\/\/lacasadelbarranco.com\/wp-content\/uploads\/2023\/11\/Huerta-225x300-1.jpg\"><img loading=\"lazy\" decoding=\"async\" class=\"wp-image-838 alignright\" src=\"https:\/\/lacasadelbarranco.com\/wp-content\/uploads\/2023\/11\/Huerta-225x300-1.jpg\" alt=\"\" width=\"275\" height=\"367\" \/><\/a><\/p>\n<p>La Casa del Barranco est une maison canarienne traditionnelle construite en 1910.<\/p>\n<p>Comme de nombreuses maisons canariennes, la route Carretera Vieja de Tenerife marque les limites de la maison et nous emm\u00e8ne autour de l&rsquo;\u00eele, de village en village.<\/p>\n<p>\u00c0 l&rsquo;origine, la maison familiale se composait de trois espaces :<\/p>\n<ul>\n<li>La premi\u00e8re partie \u00e9tait situ\u00e9e d&rsquo;un c\u00f4t\u00e9 de la route, o\u00f9 l&rsquo;on menait la vie de famille et o\u00f9 l&rsquo;on recevait les visites du village dans une vaste salle de s\u00e9jour avec cuisine et cave.<\/li>\n<li>La deuxi\u00e8me partie de la maison, de l&rsquo;autre c\u00f4t\u00e9 de la route, est l&rsquo;actuelle Casa del Barranco, o\u00f9 se trouvaient les chambres \u00e0 coucher de la famille.<\/li>\n<li>La troisi\u00e8me partie de la maison \u00e9tait un atelier situ\u00e9 sous les chambres \u00e0 coucher, qui servait \u00e0 stocker les r\u00e9coltes de la famille, en particulier les pommes de terre et le vin. Pendant la guerre, cette pi\u00e8ce a servi de magasin d&rsquo;alimentation et a permis \u00e0 de nombreuses familles de survivre aux ravages de cette p\u00e9riode.<\/li>\n<\/ul>\n<p>La Casa del Barranco est entour\u00e9e de vergers qui servaient \u00e0 la culture de la famille et \u00e0 l&rsquo;exportation de pommes de terre et de tomates vers l&rsquo;Am\u00e9rique.<\/p>\n<p><img loading=\"lazy\" decoding=\"async\" class=\"alignleft wp-image-59\" src=\"https:\/\/lacasadelbarranco.com\/wp-content\/uploads\/2023\/08\/Paredes-de-madera-e1691766144250-300x200.jpg\" alt=\"\" width=\"300\" height=\"200\" srcset=\"https:\/\/lacasadelbarranco.com\/wp-content\/uploads\/2023\/08\/Paredes-de-madera-e1691766144250-300x200.jpg 300w, https:\/\/lacasadelbarranco.com\/wp-content\/uploads\/2023\/08\/Paredes-de-madera-e1691766144250-1024x683.jpg 1024w, https:\/\/lacasadelbarranco.com\/wp-content\/uploads\/2023\/08\/Paredes-de-madera-e1691766144250.jpg 1404w\" sizes=\"auto, (max-width: 300px) 100vw, 300px\" \/><\/p>\n<p>Ainsi, le bois de la maison a \u00e9t\u00e9 import\u00e9 de l\u00e0-bas par bateau et, si vous regardez bien, vous pouvez encore voir des tampons \u00ab\u00a0U.S.A.\u00a0\u00bb sur les murs en bois.<\/p>\n<p>Le plancher et le plafond en bois font de La Casa Del Barranco une maison accueillante et charmante. Les grandes fen\u00eatres et les portes offrent la quantit\u00e9 parfaite de lumi\u00e8re et d&rsquo;espace pour profiter d&rsquo;un s\u00e9jour paisible dans une maison charmante et charg\u00e9e d&rsquo;histoire \u00e0 l&rsquo;\u00e9cart de la ville, un havre de paix.<\/p>\n<\/div><\/div><\/div><\/div><\/div><\/div><\/section><section class=\"l-section wpb_row hide_on_default hide_on_laptops hide_on_tablets height_medium\"><div class=\"l-section-h i-cf\"><div class=\"g-cols vc_row via_grid cols_1 laptops-cols_inherit tablets-cols_inherit mobiles-cols_1 valign_top type_default stacking_default\"><div class=\"wpb_column vc_column_container\"><div class=\"vc_column-inner\"><div class=\"wpb_text_column us_custom_5374f916 us_animate_this\"><div class=\"wpb_wrapper\"><p><a ref=\"magnificPopup\" href=\"https:\/\/lacasadelbarranco.com\/wp-content\/uploads\/2023\/08\/Huerta.jpg\"><img loading=\"lazy\" decoding=\"async\" class=\"alignright wp-image-62 size-large\" src=\"https:\/\/lacasadelbarranco.com\/wp-content\/uploads\/2023\/08\/Huerta-768x1024.jpg\" alt=\"\" width=\"768\" height=\"1024\" srcset=\"https:\/\/lacasadelbarranco.com\/wp-content\/uploads\/2023\/08\/Huerta-768x1024.jpg 768w, https:\/\/lacasadelbarranco.com\/wp-content\/uploads\/2023\/08\/Huerta-225x300.jpg 225w, https:\/\/lacasadelbarranco.com\/wp-content\/uploads\/2023\/08\/Huerta.jpg 1200w\" sizes=\"auto, (max-width: 768px) 100vw, 768px\" \/><\/a><\/p>\n<p>La Casa del Barranco est une maison canarienne traditionnelle construite en 1910.<\/p>\n<p>Comme de nombreuses maisons canariennes, la route Carretera Vieja de Tenerife marque les limites de la maison et nous emm\u00e8ne autour de l&rsquo;\u00eele, de village en village.<\/p>\n<p>\u00c0 l&rsquo;origine, la maison familiale se composait de trois espaces :<\/p>\n<ul>\n<li>La premi\u00e8re partie \u00e9tait situ\u00e9e d&rsquo;un c\u00f4t\u00e9 de la route, o\u00f9 l&rsquo;on menait la vie de famille et o\u00f9 l&rsquo;on recevait les visites du village dans une vaste salle de s\u00e9jour avec cuisine et cave.<\/li>\n<li>La deuxi\u00e8me partie de la maison, de l&rsquo;autre c\u00f4t\u00e9 de la route, est l&rsquo;actuelle Casa del Barranco, o\u00f9 se trouvaient les chambres \u00e0 coucher de la famille.<\/li>\n<li>La troisi\u00e8me partie de la maison \u00e9tait un atelier situ\u00e9 sous les chambres \u00e0 coucher, qui servait \u00e0 stocker les r\u00e9coltes de la famille, en particulier les pommes de terre et le vin. Pendant la guerre, cette pi\u00e8ce a servi de magasin d&rsquo;alimentation et a permis \u00e0 de nombreuses familles de survivre aux ravages de cette p\u00e9riode.<\/li>\n<\/ul>\n<p>La Casa del Barranco est entour\u00e9e de vergers qui servaient \u00e0 la culture de la famille et \u00e0 l&rsquo;exportation de pommes de terre et de tomates vers l&rsquo;Am\u00e9rique.<\/p>\n<p><img loading=\"lazy\" decoding=\"async\" class=\"alignleft wp-image-59\" src=\"https:\/\/lacasadelbarranco.com\/wp-content\/uploads\/2023\/08\/Paredes-de-madera-e1691766144250-300x200.jpg\" alt=\"\" width=\"300\" height=\"200\" srcset=\"https:\/\/lacasadelbarranco.com\/wp-content\/uploads\/2023\/08\/Paredes-de-madera-e1691766144250-300x200.jpg 300w, https:\/\/lacasadelbarranco.com\/wp-content\/uploads\/2023\/08\/Paredes-de-madera-e1691766144250-1024x683.jpg 1024w, https:\/\/lacasadelbarranco.com\/wp-content\/uploads\/2023\/08\/Paredes-de-madera-e1691766144250.jpg 1404w\" sizes=\"auto, (max-width: 300px) 100vw, 300px\" \/><\/p>\n<p>Ainsi, le bois de la maison a \u00e9t\u00e9 import\u00e9 de l\u00e0-bas par bateau et, si vous regardez bien, vous pouvez encore voir des tampons \u00ab\u00a0U.S.A.\u00a0\u00bb sur les murs en bois.<\/p>\n<p>Le plancher et le plafond en bois font de La Casa Del Barranco une maison accueillante et charmante. Les grandes fen\u00eatres et les portes offrent la quantit\u00e9 parfaite de lumi\u00e8re et d&rsquo;espace pour profiter d&rsquo;un s\u00e9jour paisible dans une maison charmante et charg\u00e9e d&rsquo;histoire \u00e0 l&rsquo;\u00e9cart de la ville, un havre de paix.<\/p>\n<\/div><\/div><\/div><\/div><\/div><\/div><\/section>\n","protected":false},"excerpt":{"rendered":"Nostre histoire La Casa del Barranco est une maison canarienne traditionnelle construite en 1910. Comme de nombreuses maisons canariennes, la route Carretera Vieja de Tenerife marque les limites de la maison et nous emm\u00e8ne autour de l&rsquo;\u00eele, de village en village. \u00c0 l&rsquo;origine, la maison familiale se composait de trois espaces : La premi\u00e8re partie...","protected":false},"author":1,"featured_media":0,"parent":0,"menu_order":0,"comment_status":"closed","ping_status":"closed","template":"","meta":{"footnotes":""},"class_list":["post-661","page","type-page","status-publish","hentry"],"yoast_head":"<!-- This site is optimized with the Yoast SEO plugin v21.6 - https:\/\/yoast.com\/wordpress\/plugins\/seo\/ -->\n<title>Nostre historie - La Casa del Barranco<\/title>\n<meta name=\"robots\" content=\"index, follow, max-snippet:-1, max-image-preview:large, max-video-preview:-1\" \/>\n<link rel=\"canonical\" href=\"https:\/\/lacasadelbarranco.com\/fr\/nostre-historie\/\" \/>\n<meta property=\"og:locale\" content=\"fr_FR\" \/>\n<meta property=\"og:type\" content=\"article\" \/>\n<meta property=\"og:title\" content=\"Nostre historie - La Casa del Barranco\" \/>\n<meta property=\"og:url\" content=\"https:\/\/lacasadelbarranco.com\/fr\/nostre-historie\/\" \/>\n<meta property=\"og:site_name\" content=\"La Casa del Barranco\" \/>\n<meta property=\"article:modified_time\" content=\"2023-11-17T08:07:10+00:00\" \/>\n<meta property=\"og:image\" content=\"https:\/\/lacasadelbarranco.com\/wp-content\/uploads\/2023\/11\/Huerta-225x300-1.jpg\" \/>\n<meta name=\"twitter:card\" content=\"summary_large_image\" \/>\n<meta name=\"twitter:label1\" content=\"Dur\u00e9e de lecture estim\u00e9e\" \/>\n\t<meta name=\"twitter:data1\" content=\"4 minutes\" \/>\n<script type=\"application\/ld+json\" class=\"yoast-schema-graph\">{\"@context\":\"https:\/\/schema.org\",\"@graph\":[{\"@type\":\"WebPage\",\"@id\":\"https:\/\/lacasadelbarranco.com\/fr\/nostre-historie\/\",\"url\":\"https:\/\/lacasadelbarranco.com\/fr\/nostre-historie\/\",\"name\":\"Nostre historie - La Casa del Barranco\",\"isPartOf\":{\"@id\":\"https:\/\/lacasadelbarranco.com\/#website\"},\"datePublished\":\"2023-08-10T15:40:06+00:00\",\"dateModified\":\"2023-11-17T08:07:10+00:00\",\"breadcrumb\":{\"@id\":\"https:\/\/lacasadelbarranco.com\/fr\/nostre-historie\/#breadcrumb\"},\"inLanguage\":\"fr-FR\",\"potentialAction\":[{\"@type\":\"ReadAction\",\"target\":[\"https:\/\/lacasadelbarranco.com\/fr\/nostre-historie\/\"]}]},{\"@type\":\"BreadcrumbList\",\"@id\":\"https:\/\/lacasadelbarranco.com\/fr\/nostre-historie\/#breadcrumb\",\"itemListElement\":[{\"@type\":\"ListItem\",\"position\":1,\"name\":\"Portada\",\"item\":\"https:\/\/lacasadelbarranco.com\/\"},{\"@type\":\"ListItem\",\"position\":2,\"name\":\"Nostre historie\"}]},{\"@type\":\"WebSite\",\"@id\":\"https:\/\/lacasadelbarranco.com\/#website\",\"url\":\"https:\/\/lacasadelbarranco.com\/\",\"name\":\"La Casa del Barranco\",\"description\":\"\",\"potentialAction\":[{\"@type\":\"SearchAction\",\"target\":{\"@type\":\"EntryPoint\",\"urlTemplate\":\"https:\/\/lacasadelbarranco.com\/?s={search_term_string}\"},\"query-input\":\"required name=search_term_string\"}],\"inLanguage\":\"fr-FR\"}]}<\/script>\n<!-- \/ Yoast SEO plugin. -->","yoast_head_json":{"title":"Nostre historie - La Casa del Barranco","robots":{"index":"index","follow":"follow","max-snippet":"max-snippet:-1","max-image-preview":"max-image-preview:large","max-video-preview":"max-video-preview:-1"},"canonical":"https:\/\/lacasadelbarranco.com\/fr\/nostre-historie\/","og_locale":"fr_FR","og_type":"article","og_title":"Nostre historie - La Casa del Barranco","og_url":"https:\/\/lacasadelbarranco.com\/fr\/nostre-historie\/","og_site_name":"La Casa del Barranco","article_modified_time":"2023-11-17T08:07:10+00:00","og_image":[{"url":"https:\/\/lacasadelbarranco.com\/wp-content\/uploads\/2023\/11\/Huerta-225x300-1.jpg"}],"twitter_card":"summary_large_image","twitter_misc":{"Dur\u00e9e de lecture estim\u00e9e":"4 minutes"},"schema":{"@context":"https:\/\/schema.org","@graph":[{"@type":"WebPage","@id":"https:\/\/lacasadelbarranco.com\/fr\/nostre-historie\/","url":"https:\/\/lacasadelbarranco.com\/fr\/nostre-historie\/","name":"Nostre historie - La Casa del Barranco","isPartOf":{"@id":"https:\/\/lacasadelbarranco.com\/#website"},"datePublished":"2023-08-10T15:40:06+00:00","dateModified":"2023-11-17T08:07:10+00:00","breadcrumb":{"@id":"https:\/\/lacasadelbarranco.com\/fr\/nostre-historie\/#breadcrumb"},"inLanguage":"fr-FR","potentialAction":[{"@type":"ReadAction","target":["https:\/\/lacasadelbarranco.com\/fr\/nostre-historie\/"]}]},{"@type":"BreadcrumbList","@id":"https:\/\/lacasadelbarranco.com\/fr\/nostre-historie\/#breadcrumb","itemListElement":[{"@type":"ListItem","position":1,"name":"Portada","item":"https:\/\/lacasadelbarranco.com\/"},{"@type":"ListItem","position":2,"name":"Nostre historie"}]},{"@type":"WebSite","@id":"https:\/\/lacasadelbarranco.com\/#website","url":"https:\/\/lacasadelbarranco.com\/","name":"La Casa del Barranco","description":"","potentialAction":[{"@type":"SearchAction","target":{"@type":"EntryPoint","urlTemplate":"https:\/\/lacasadelbarranco.com\/?s={search_term_string}"},"query-input":"required name=search_term_string"}],"inLanguage":"fr-FR"}]}},"_links":{"self":[{"href":"https:\/\/lacasadelbarranco.com\/fr\/wp-json\/wp\/v2\/pages\/661","targetHints":{"allow":["GET"]}}],"collection":[{"href":"https:\/\/lacasadelbarranco.com\/fr\/wp-json\/wp\/v2\/pages"}],"about":[{"href":"https:\/\/lacasadelbarranco.com\/fr\/wp-json\/wp\/v2\/types\/page"}],"author":[{"embeddable":true,"href":"https:\/\/lacasadelbarranco.com\/fr\/wp-json\/wp\/v2\/users\/1"}],"replies":[{"embeddable":true,"href":"https:\/\/lacasadelbarranco.com\/fr\/wp-json\/wp\/v2\/comments?post=661"}],"version-history":[{"count":7,"href":"https:\/\/lacasadelbarranco.com\/fr\/wp-json\/wp\/v2\/pages\/661\/revisions"}],"predecessor-version":[{"id":843,"href":"https:\/\/lacasadelbarranco.com\/fr\/wp-json\/wp\/v2\/pages\/661\/revisions\/843"}],"wp:attachment":[{"href":"https:\/\/lacasadelbarranco.com\/fr\/wp-json\/wp\/v2\/media?parent=661"}],"curies":[{"name":"wp","href":"https:\/\/api.w.org\/{rel}","templated":true}]}}