{"id":652,"date":"2023-09-20T17:56:06","date_gmt":"2023-09-20T17:56:06","guid":{"rendered":"https:\/\/lacasadelbarranco.com\/?page_id=652"},"modified":"2023-11-20T08:05:14","modified_gmt":"2023-11-20T08:05:14","slug":"reserver","status":"publish","type":"page","link":"https:\/\/lacasadelbarranco.com\/fr\/reserver\/","title":{"rendered":"R\u00e9server"},"content":{"rendered":"<section class=\"l-section wpb_row height_medium\"><div class=\"l-section-overlay\" style=\"background:var(--color-header-middle-text-hover)\"><\/div><div class=\"l-section-h i-cf\"><div class=\"g-cols vc_row via_grid cols_1 laptops-cols_inherit tablets-cols_inherit mobiles-cols_1 valign_top type_default stacking_default\"><div class=\"wpb_column vc_column_container\"><div class=\"vc_column-inner\"><h1 class=\"w-text us_custom_28784076 has_text_color\"><span class=\"w-text-h\"><span class=\"w-text-value\">R\u00e9server<\/span><\/span><\/h1><\/div><\/div><\/div><\/div><\/section><section class=\"l-section wpb_row height_large width_custom\" style=\"--site-content-width:1240px;\"><div class=\"l-section-h i-cf\"><div class=\"g-cols vc_row via_grid cols_1 laptops-cols_inherit tablets-cols_inherit mobiles-cols_1 valign_top type_default stacking_default\"><div class=\"wpb_column vc_column_container\"><div class=\"vc_column-inner\"><div class=\"g-cols wpb_row via_grid cols_2 laptops-cols_inherit tablets-cols_inherit mobiles-cols_1 valign_middle type_default stacking_default\" style=\"grid-gap:1.5rem;\"><div class=\"wpb_column vc_column_container us_custom_8f7b07a9 us_animate_this\"><div class=\"vc_column-inner\"><div class=\"w-vwrapper align_none valign_top\"><div class=\"wpb_text_column\"><div class=\"wpb_wrapper\"><p>\u00d7: 1 -&gt; \u20ac 80<br \/>\n\u00d7: 2 -&gt; \u20ac 85<br \/>\n\u00d7: 3 -&gt; \u20ac 90<br \/>\n\u00d7: 4 -&gt; \u20ac 120<br \/>\n\u00d7: 5 -&gt; \u20ac 160<br \/>\n\u00d7: 6 -&gt; \u20ac 190<\/p>\n<\/div><\/div><div class=\"w-text icon_atleft\"><span class=\"w-text-h\"><i class=\"fas fa-sign-in\"><\/i><span class=\"w-text-value\">Enregistrement de 14h00 \u00e0 22h00<\/span><\/span><\/div><div class=\"w-text icon_atleft\"><span class=\"w-text-h\"><i class=\"fas fa-sign-out\"><\/i><span class=\"w-text-value\">D\u00e9part \u00e0 partir de 11h00<\/span><\/span><\/div><\/div><div class=\"w-separator size_small\"><\/div><div class=\"w-html\"><iframe\nsrc=\"https:\/\/calendar.google.com\/calendar\/embed?src=lacasadelbarrancotenerife%40gmail.com&amp;\nctz=Europe%2FLondon\" style=\"border: 0\" width=\"800\" height=\"600\" frameborder=\"0\"\nscrolling=\"no\"><\/iframe><\/div><div class=\"w-separator size_small\"><\/div><div class=\"wpb_text_column us_custom_0ac467bd\"><div class=\"wpb_wrapper\"><h5>Processus et conditions de r\u00e9servation<\/h5>\n<p><strong>Tarif web:<\/strong> 10% moins cher que sur tout autre portail de r\u00e9servation.<br \/>\n<strong>Tarif<\/strong> : non remboursable.<\/p>\n<p>1) Remplissez le formulaire et \u00e9crivez votre e-mail.<br \/>\nNous vous donnerons une r\u00e9ponse approuvant ou refusant la r\u00e9servation dans les 24 heures.<br \/>\n3) Si la r\u00e9servation est accept\u00e9e, nous vous communiquerons notre num\u00e9ro de compte ou Bizum par e-mail.<br \/>\n4. Vous avez 24 heures pour effectuer le paiement.<br \/>\n5. Une fois le paiement effectu\u00e9, nous vous enverrons un courriel de confirmation de la r\u00e9servation.<br \/>\n6. Si le paiement n&rsquo;est pas effectu\u00e9 dans les 24 heures, la demande sera annul\u00e9e.<\/p>\n<\/div><\/div><\/div><\/div><div class=\"wpb_column vc_column_container us_custom_dd7bcde6 us_animate_this has_bg_color\"><div class=\"vc_column-overlay\" style=\"background:rgba(255,255,255,0.84)\"><\/div><div class=\"vc_column-inner\"><form class=\"w-form  layout_ver for_cform us_form_1\" autocomplete=\"off\" action=\"https:\/\/lacasadelbarranco.com\/fr\/wp-json\/wp\/v2\/pages\/652\" method=\"post\"><div class=\"w-form-h\"><div class=\"w-form-row for_info\">\r\n\t<p>1. Dates<\/p>\r\n<\/div>\r\n<div class=\"w-form-row for_date has_label required cols_2\">\r\n\t\t\t<div class=\"w-form-row-label\">\r\n\t\t\t<span>Date d'entr\u00e9e *<\/span>\r\n\t\t<\/div>\r\n\t\t<div class=\"w-form-row-field\">\r\n\t\t\t\t\t\t<input type=\"text\" name=\"us_form_1_date_1\" value inputmode=\"none\" data-date-format=\"d MM yy\" aria-label=\"Date d&#039;entr\u00e9e\" placeholder data-required=\"true\" aria-required=\"true\"\/>\r\n\t\t\t<\/div>\r\n\t\t<div class=\"w-form-row-state\">Vous devez remplir ce champ<\/div>\r\n<\/div>\r\n<div class=\"w-form-row for_date has_label required cols_2\">\r\n\t\t\t<div class=\"w-form-row-label\">\r\n\t\t\t<span>Date de d\u00e9part *<\/span>\r\n\t\t<\/div>\r\n\t\t<div class=\"w-form-row-field\">\r\n\t\t\t\t\t\t<input type=\"text\" name=\"us_form_1_date_2\" value inputmode=\"none\" data-date-format=\"d MM yy\" aria-label=\"Date de d\u00e9part\" placeholder data-required=\"true\" aria-required=\"true\"\/>\r\n\t\t\t<\/div>\r\n\t\t<div class=\"w-form-row-state\">Vous devez remplir ce champ<\/div>\r\n<\/div>\r\n<div class=\"w-form-row for_text has_label required cols_2\">\r\n\t\t\t<div class=\"w-form-row-label\">\r\n\t\t\t<span>Nombre de nuits *<\/span>\r\n\t\t<\/div>\r\n\t\t<div class=\"w-form-row-field\">\r\n\t\t\t\t\t\t<input aria-label=\"Nombre de nuits\" inputmode=\"decimal\" type=\"text\" name=\"us_form_1_text_1\" value placeholder data-required=\"true\" aria-required=\"true\"\/>\r\n\t\t\t<\/div>\r\n\t\t<div class=\"w-form-row-state\">Vous devez remplir ce champ<\/div>\r\n<\/div>\r\n<div class=\"w-form-row for_text has_label required cols_2\">\r\n\t\t\t<div class=\"w-form-row-label\">\r\n\t\t\t<span>Heure d'arriv\u00e9e approximative *<\/span>\r\n\t\t<\/div>\r\n\t\t<div class=\"w-form-row-field\">\r\n\t\t\t\t\t\t<input aria-label=\"Heure d&#039;arriv\u00e9e approximative\" type=\"text\" name=\"us_form_1_text_2\" value placeholder data-required=\"true\" aria-required=\"true\"\/>\r\n\t\t\t<\/div>\r\n\t\t<div class=\"w-form-row-state\">Vous devez remplir ce champ<\/div>\r\n<\/div>\r\n<div class=\"w-form-row for_info\">\r\n\t<p>2. Donn\u00e9es personnelles<\/p>\r\n<\/div>\r\n<div class=\"w-form-row for_text has_label required cols_2\">\r\n\t\t\t<div class=\"w-form-row-label\">\r\n\t\t\t<span>Nom *<\/span>\r\n\t\t<\/div>\r\n\t\t<div class=\"w-form-row-field\">\r\n\t\t\t\t\t\t<input aria-label=\"Nom\" type=\"text\" name=\"us_form_1_text_3\" value placeholder data-required=\"true\" aria-required=\"true\"\/>\r\n\t\t\t<\/div>\r\n\t\t<div class=\"w-form-row-state\">Vous devez remplir ce champ<\/div>\r\n<\/div>\r\n<div class=\"w-form-row for_text has_label required cols_2\">\r\n\t\t\t<div class=\"w-form-row-label\">\r\n\t\t\t<span>Nom(s) de famille *<\/span>\r\n\t\t<\/div>\r\n\t\t<div class=\"w-form-row-field\">\r\n\t\t\t\t\t\t<input aria-label=\"Nom(s) de famille\" type=\"text\" name=\"us_form_1_text_4\" value placeholder data-required=\"true\" aria-required=\"true\"\/>\r\n\t\t\t<\/div>\r\n\t\t<div class=\"w-form-row-state\">Vous devez remplir ce champ<\/div>\r\n<\/div>\r\n<div class=\"w-form-row for_email has_label required\">\r\n\t\t\t<div class=\"w-form-row-label\">\r\n\t\t\t<span>Adresse email *<\/span>\r\n\t\t<\/div>\r\n\t\t<div class=\"w-form-row-field\">\r\n\t\t\t\t\t\t<input aria-label=\"Adresse email\" type=\"email\" name=\"us_form_1_email_1\" value placeholder=\"Correo electr\u00f3nico\" data-required=\"true\" aria-required=\"true\"\/>\r\n\t\t\t<\/div>\r\n\t\t<div class=\"w-form-row-state\">Veuillez saisir une adresse e-mail valide.<\/div>\r\n<\/div>\r\n<div class=\"w-form-row for_text has_label required cols_2\">\r\n\t\t\t<div class=\"w-form-row-label\">\r\n\t\t\t<span>T\u00e9l\u00e9phone *<\/span>\r\n\t\t<\/div>\r\n\t\t<div class=\"w-form-row-field\">\r\n\t\t\t\t\t\t<input aria-label=\"T\u00e9l\u00e9phone\" inputmode=\"tel\" type=\"text\" name=\"us_form_1_text_5\" value placeholder data-required=\"true\" aria-required=\"true\"\/>\r\n\t\t\t<\/div>\r\n\t\t<div class=\"w-form-row-state\">Vous devez remplir ce champ<\/div>\r\n<\/div>\r\n<div class=\"w-form-row for_select has_label cols_2\">\r\n\t\t\t<div class=\"w-form-row-label\">\r\n\t\t\t<span>Langue<\/span>\r\n\t\t<\/div>\r\n\t\t<div class=\"w-form-row-field\">\r\n\t\t\t\t\t\t<select aria-label=\"Langue\" name=\"us_form_1_select_1\">\r\n\t\t\t<option value=\"Espagnol \">Espagnol <\/option><option value=\"Anglais\">Anglais<\/option><option value=\"Fran\u00e7ais \">Fran\u00e7ais <\/option>\t\t<\/select>\r\n\t\t\t<\/div>\r\n\t\t<div class=\"w-form-row-state\">S\u00e9lectionner une option<\/div>\r\n<\/div>\r\n<div class=\"w-form-row for_info\">\r\n\t<p>3. Invit\u00e9s<\/p>\r\n<\/div>\r\n<div class=\"w-form-row for_select has_label cols_2\">\r\n\t\t\t<div class=\"w-form-row-label\">\r\n\t\t\t<span>Plus de 12 ans <\/span>\r\n\t\t<\/div>\r\n\t\t<div class=\"w-form-row-field\">\r\n\t\t\t\t\t\t<select aria-label=\"Plus de 12 ans \" name=\"us_form_1_select_2\">\r\n\t\t\t<option value=\"1\">1<\/option><option value=\"2\">2<\/option><option value=\"3\">3<\/option><option value=\"4\">4<\/option><option value=\"5\">5<\/option><option value=\"6\">6<\/option>\t\t<\/select>\r\n\t\t\t<\/div>\r\n\t\t<div class=\"w-form-row-state\">S\u00e9lectionner une option<\/div>\r\n<\/div>\r\n<div class=\"w-form-row for_select has_label cols_2\">\r\n\t\t\t<div class=\"w-form-row-label\">\r\n\t\t\t<span>Enfants de moins de 12 ans<\/span>\r\n\t\t<\/div>\r\n\t\t<div class=\"w-form-row-field\">\r\n\t\t\t\t\t\t<select aria-label=\"Enfants de moins de 12 ans\" name=\"us_form_1_select_3\">\r\n\t\t\t<option value=\"0\">0<\/option><option value=\"1\">1<\/option><option value=\"2\">2<\/option><option value=\"3\">3<\/option><option value=\"4\">4<\/option><option value=\"5\">5<\/option><option value=\"6\">6<\/option>\t\t<\/select>\r\n\t\t\t<\/div>\r\n\t\t<div class=\"w-form-row-state\">S\u00e9lectionner une option<\/div>\r\n<\/div>\r\n<div class=\"w-form-row for_info\">\r\n\t<p>4. Animaux de compagnie<\/p>\r\n<\/div>\r\n<div class=\"w-form-row for_select has_label\">\r\n\t\t\t<div class=\"w-form-row-label\">\r\n\t\t\t<span>Nombre d'animaux domestiques<\/span>\r\n\t\t<\/div>\r\n\t\t<div class=\"w-form-row-field\">\r\n\t\t\t\t\t\t<select aria-label=\"Nombre d&#039;animaux domestiques\" name=\"us_form_1_select_4\">\r\n\t\t\t<option value=\"0\">0<\/option><option value=\"1\">1<\/option><option value=\"2\">2<\/option><option value=\"3\">3<\/option>\t\t<\/select>\r\n\t\t\t<\/div>\r\n\t\t<div class=\"w-form-row-state\">S\u00e9lectionner une option<\/div>\r\n<\/div>\r\n<div class=\"w-form-row for_info\">\r\n\t<p>5. Mode de paiement<\/p>\r\n<\/div>\r\n<div class=\"w-form-row for_select has_label\">\r\n\t\t\t<div class=\"w-form-row-label\">\r\n\t\t\t<span>Choisir le mode de paiement<\/span>\r\n\t\t<\/div>\r\n\t\t<div class=\"w-form-row-field\">\r\n\t\t\t\t\t\t<select aria-label=\"Choisir le mode de paiement\" name=\"us_form_1_select_5\">\r\n\t\t\t<option value=\"Bizum\">Bizum<\/option><option value=\"Transferencia bancaria\">Transferencia bancaria<\/option>\t\t<\/select>\r\n\t\t\t<\/div>\r\n\t\t<div class=\"w-form-row-state\">S\u00e9lectionner une option<\/div>\r\n<\/div>\r\n<div class=\"w-form-row for_agreement required\">\r\n\t\t<div class=\"w-form-row-field\">\r\n\t\t\t\t<label>\r\n\t\t\t<input type=\"checkbox\" class=\"screen-reader-text\" value=\"1\" data-required=\"true\" aria-required=\"true\" name=\"us_form_1_agreement_1\"\/>\r\n\t\t\t<span class=\"w-form-checkbox\"><\/span>\r\n\t\t\t<span>Accepter la <a href=\"\/fr\/politique-de-confidentialite\" style=\"color: #283D66\">politique de donn\u00e9es<\/a><\/span>\r\n\t\t<\/label>\r\n\t\t\t<\/div>\r\n\t\t<div class=\"w-form-row-state\">Vous devez accepter les conditions pour continuer<\/div>\r\n<\/div>\r\n<input type=\"hidden\" name=\"action\" value=\"us_ajax_cform\" \/>\r\n<input type=\"hidden\" name=\"post_id\" value=\"0\" \/>\r\n<input type=\"hidden\" name=\"form_index\" value=\"1\" \/>\r\n<div class=\"w-form-row for_submit  align_none\">\r\n\t<button class=\"w-btn  us-btn-style_1\" aria-label=\"Envoyer\" type=\"submit\">\r\n\t\t<span class=\"g-preloader type_1\"><\/span>\r\n\t\t\t\t<span class=\"w-btn-label\">Envoyer<\/span>\r\n\t\t\t<\/button>\r\n\t<\/div>\r\n<\/div><div class=\"w-form-message\"><\/div><div class=\"w-form-json hidden\" onclick='return {&quot;ajaxurl&quot;:&quot;https:\\\/\\\/lacasadelbarranco.com\\\/wp-admin\\\/admin-ajax.php&quot;,&quot;messages&quot;:{&quot;err_empty&quot;:&quot;Vous devez remplir ce champ&quot;,&quot;err_size&quot;:&quot;La taille du fichier ne peut pas d\\u00e9passer %s Mo&quot;,&quot;err_extension&quot;:&quot;Le type de fichier %s n&#039;est pas autoris\\u00e9&quot;}}'><\/div><\/form><\/div><\/div><\/div><\/div><\/div><div class=\"wpb_column vc_column_container\"><div class=\"vc_column-inner\"><\/div><\/div><\/div><\/div><\/section>\n","protected":false},"excerpt":{"rendered":"R\u00e9server\u00d7: 1 -&gt; \u20ac 80 \u00d7: 2 -&gt; \u20ac 85 \u00d7: 3 -&gt; \u20ac 90 \u00d7: 4 -&gt; \u20ac 120 \u00d7: 5 -&gt; \u20ac 160 \u00d7: 6 -&gt; \u20ac 190 Enregistrement de 14h00 \u00e0 22h00D\u00e9part \u00e0 partir de 11h00Processus et conditions de r\u00e9servation Tarif web: 10% moins cher que sur tout autre portail de r\u00e9servation....","protected":false},"author":1,"featured_media":0,"parent":0,"menu_order":0,"comment_status":"closed","ping_status":"closed","template":"","meta":{"footnotes":""},"class_list":["post-652","page","type-page","status-publish","hentry"],"yoast_head":"<!-- This site is optimized with the Yoast SEO plugin v21.6 - https:\/\/yoast.com\/wordpress\/plugins\/seo\/ -->\n<title>R\u00e9server - La Casa del Barranco<\/title>\n<meta name=\"robots\" content=\"index, follow, max-snippet:-1, max-image-preview:large, max-video-preview:-1\" \/>\n<link rel=\"canonical\" href=\"https:\/\/lacasadelbarranco.com\/fr\/reserver\/\" \/>\n<meta property=\"og:locale\" content=\"fr_FR\" \/>\n<meta property=\"og:type\" content=\"article\" \/>\n<meta property=\"og:title\" content=\"R\u00e9server - La Casa del Barranco\" \/>\n<meta property=\"og:url\" content=\"https:\/\/lacasadelbarranco.com\/fr\/reserver\/\" \/>\n<meta property=\"og:site_name\" content=\"La Casa del Barranco\" \/>\n<meta property=\"article:modified_time\" content=\"2023-11-20T08:05:14+00:00\" \/>\n<meta name=\"twitter:card\" content=\"summary_large_image\" \/>\n<meta name=\"twitter:label1\" content=\"Dur\u00e9e de lecture estim\u00e9e\" \/>\n\t<meta name=\"twitter:data1\" content=\"9 minutes\" \/>\n<script type=\"application\/ld+json\" class=\"yoast-schema-graph\">{\"@context\":\"https:\/\/schema.org\",\"@graph\":[{\"@type\":\"WebPage\",\"@id\":\"https:\/\/lacasadelbarranco.com\/fr\/reserver\/\",\"url\":\"https:\/\/lacasadelbarranco.com\/fr\/reserver\/\",\"name\":\"R\u00e9server - La Casa del Barranco\",\"isPartOf\":{\"@id\":\"https:\/\/lacasadelbarranco.com\/#website\"},\"datePublished\":\"2023-09-20T17:56:06+00:00\",\"dateModified\":\"2023-11-20T08:05:14+00:00\",\"breadcrumb\":{\"@id\":\"https:\/\/lacasadelbarranco.com\/fr\/reserver\/#breadcrumb\"},\"inLanguage\":\"fr-FR\",\"potentialAction\":[{\"@type\":\"ReadAction\",\"target\":[\"https:\/\/lacasadelbarranco.com\/fr\/reserver\/\"]}]},{\"@type\":\"BreadcrumbList\",\"@id\":\"https:\/\/lacasadelbarranco.com\/fr\/reserver\/#breadcrumb\",\"itemListElement\":[{\"@type\":\"ListItem\",\"position\":1,\"name\":\"Portada\",\"item\":\"https:\/\/lacasadelbarranco.com\/\"},{\"@type\":\"ListItem\",\"position\":2,\"name\":\"R\u00e9server\"}]},{\"@type\":\"WebSite\",\"@id\":\"https:\/\/lacasadelbarranco.com\/#website\",\"url\":\"https:\/\/lacasadelbarranco.com\/\",\"name\":\"La Casa del Barranco\",\"description\":\"\",\"potentialAction\":[{\"@type\":\"SearchAction\",\"target\":{\"@type\":\"EntryPoint\",\"urlTemplate\":\"https:\/\/lacasadelbarranco.com\/?s={search_term_string}\"},\"query-input\":\"required name=search_term_string\"}],\"inLanguage\":\"fr-FR\"}]}<\/script>\n<!-- \/ Yoast SEO plugin. -->","yoast_head_json":{"title":"R\u00e9server - La Casa del Barranco","robots":{"index":"index","follow":"follow","max-snippet":"max-snippet:-1","max-image-preview":"max-image-preview:large","max-video-preview":"max-video-preview:-1"},"canonical":"https:\/\/lacasadelbarranco.com\/fr\/reserver\/","og_locale":"fr_FR","og_type":"article","og_title":"R\u00e9server - La Casa del Barranco","og_url":"https:\/\/lacasadelbarranco.com\/fr\/reserver\/","og_site_name":"La Casa del Barranco","article_modified_time":"2023-11-20T08:05:14+00:00","twitter_card":"summary_large_image","twitter_misc":{"Dur\u00e9e de lecture estim\u00e9e":"9 minutes"},"schema":{"@context":"https:\/\/schema.org","@graph":[{"@type":"WebPage","@id":"https:\/\/lacasadelbarranco.com\/fr\/reserver\/","url":"https:\/\/lacasadelbarranco.com\/fr\/reserver\/","name":"R\u00e9server - La Casa del Barranco","isPartOf":{"@id":"https:\/\/lacasadelbarranco.com\/#website"},"datePublished":"2023-09-20T17:56:06+00:00","dateModified":"2023-11-20T08:05:14+00:00","breadcrumb":{"@id":"https:\/\/lacasadelbarranco.com\/fr\/reserver\/#breadcrumb"},"inLanguage":"fr-FR","potentialAction":[{"@type":"ReadAction","target":["https:\/\/lacasadelbarranco.com\/fr\/reserver\/"]}]},{"@type":"BreadcrumbList","@id":"https:\/\/lacasadelbarranco.com\/fr\/reserver\/#breadcrumb","itemListElement":[{"@type":"ListItem","position":1,"name":"Portada","item":"https:\/\/lacasadelbarranco.com\/"},{"@type":"ListItem","position":2,"name":"R\u00e9server"}]},{"@type":"WebSite","@id":"https:\/\/lacasadelbarranco.com\/#website","url":"https:\/\/lacasadelbarranco.com\/","name":"La Casa del Barranco","description":"","potentialAction":[{"@type":"SearchAction","target":{"@type":"EntryPoint","urlTemplate":"https:\/\/lacasadelbarranco.com\/?s={search_term_string}"},"query-input":"required name=search_term_string"}],"inLanguage":"fr-FR"}]}},"_links":{"self":[{"href":"https:\/\/lacasadelbarranco.com\/fr\/wp-json\/wp\/v2\/pages\/652","targetHints":{"allow":["GET"]}}],"collection":[{"href":"https:\/\/lacasadelbarranco.com\/fr\/wp-json\/wp\/v2\/pages"}],"about":[{"href":"https:\/\/lacasadelbarranco.com\/fr\/wp-json\/wp\/v2\/types\/page"}],"author":[{"embeddable":true,"href":"https:\/\/lacasadelbarranco.com\/fr\/wp-json\/wp\/v2\/users\/1"}],"replies":[{"embeddable":true,"href":"https:\/\/lacasadelbarranco.com\/fr\/wp-json\/wp\/v2\/comments?post=652"}],"version-history":[{"count":5,"href":"https:\/\/lacasadelbarranco.com\/fr\/wp-json\/wp\/v2\/pages\/652\/revisions"}],"predecessor-version":[{"id":999,"href":"https:\/\/lacasadelbarranco.com\/fr\/wp-json\/wp\/v2\/pages\/652\/revisions\/999"}],"wp:attachment":[{"href":"https:\/\/lacasadelbarranco.com\/fr\/wp-json\/wp\/v2\/media?parent=652"}],"curies":[{"name":"wp","href":"https:\/\/api.w.org\/{rel}","templated":true}]}}