{"id":646,"date":"2023-08-21T15:54:08","date_gmt":"2023-08-21T15:54:08","guid":{"rendered":"https:\/\/lacasadelbarranco.com\/?page_id=646"},"modified":"2023-11-17T08:11:22","modified_gmt":"2023-11-17T08:11:22","slug":"tenerife","status":"publish","type":"page","link":"https:\/\/lacasadelbarranco.com\/fr\/tenerife\/","title":{"rendered":"Tenerife"},"content":{"rendered":"<section class=\"l-section wpb_row us_custom_df5f4c97 has_text_color height_medium\"><div class=\"l-section-overlay\" style=\"background:var(--color-header-middle-text-hover)\"><\/div><div class=\"l-section-h i-cf\"><div class=\"g-cols vc_row via_grid cols_1 laptops-cols_inherit tablets-cols_inherit mobiles-cols_1 valign_top type_default stacking_default\"><div class=\"wpb_column vc_column_container\"><div class=\"vc_column-inner\">[vc_custom_heading source=\u00a0\u00bbpost_title\u00a0\u00bb font_container=\u00a0\u00bbtag:h1|text_align:center\u00a0\u00bb use_theme_fonts=\u00a0\u00bbyes\u00a0\u00bb]<\/div><\/div><\/div><\/div><\/section><section class=\"l-section wpb_row height_medium\"><div class=\"l-section-h i-cf\"><div class=\"g-cols vc_row via_grid cols_1 laptops-cols_inherit tablets-cols_inherit mobiles-cols_1 valign_top type_default stacking_default\"><div class=\"wpb_column vc_column_container\"><div class=\"vc_column-inner\"><div class=\"wpb_text_column us_custom_de366d1c us_animate_this\"><div class=\"wpb_wrapper\"><p>Tenerife, la plus grande des \u00eeles Canaries, est une destination unique qui offre un m\u00e9lange exceptionnel de paysages, de cultures et d&rsquo;exp\u00e9riences.<\/p>\n<p>Vivez le contraste entre le nord et le sud, ainsi que tous nos microclimats. Au sud, vous serez accueillis par de chaudes plages de sable dor\u00e9 et un soleil \u00e9clatant qui brille toute l&rsquo;ann\u00e9e. Tandis qu&rsquo;au nord, vous d\u00e9couvrirez un environnement verdoyant et luxuriant, avec des falaises impressionnantes plongeant dans l&rsquo;oc\u00e9an Atlantique.<\/p>\n<p>La Casa del Barranco, id\u00e9alement situ\u00e9e dans la municipalit\u00e9 de <a href=\"https:\/\/www.ayuntamientodefasnia.es\/\">Fasnia<\/a>, vous permet d&rsquo;explorer toutes les facettes de cette \u00eele. D&rsquo;ici, vous pouvez vous aventurer vers le nord de l&rsquo;\u00eele, o\u00f9 le <a href=\"https:\/\/www.holaislascanarias.com\/espacios-naturales\/tenerife\/parque-rural-de-anaga\/\">Parque Rural de Anaga<\/a> vous s\u00e9duira avec ses for\u00eats denses et ses <a href=\"https:\/\/www.holaislascanarias.com\/senderismo\/tenerife\/sendero-de-los-sentidos\/\">senderos<\/a>.<\/p>\n<p>Au nord, d\u00e9couvrez des endroits uniques comme la <a href=\"https:\/\/www.holaislascanarias.com\/playas\/tenerife\/playa-jardin\/\">Playa Jard\u00edn<\/a>, Au sud, d\u00e9tendez-vous sur les plages de <a href=\"https:\/\/www.holaislascanarias.com\/playas\/tenerife\/playa-de-los-cristianos\/\">Los Cristianos<\/a> o <a href=\"https:\/\/www.holaislascanarias.com\/localidades-turisticas\/tenerife\/playa-de-las-americas\/\">Playa de las Am\u00e9ricas<\/a>, o\u00f9 l&rsquo;atmosph\u00e8re est plus touristique et anim\u00e9e.<\/p>\n<p>Pour profiter de vues spectaculaires, prenez le <a href=\"https:\/\/www.volcanoteide.com\/es\/volcano_teide\/teleferico_del_teide\/teleferico_del_teide\">Telef\u00e9rico del Teide<\/a> pour atteindre le sommet <a href=\"https:\/\/www.webtenerife.com\/que-visitar\/parque-nacional-del-teide\/\">Teide<\/a>, la plus haute montagne d&rsquo;Espagne, qui se dresse comme un gardien volcanique sur l&rsquo;\u00eele et d&rsquo;o\u00f9 vous pourrez voir, si la m\u00e9t\u00e9o le permet, de nombreuses autres \u00eeles de l&rsquo;archipel.<\/p>\n<p>La richesse culturelle de Tenerife est \u00e9galement un attrait irr\u00e9sistible. Ne manquez pas la ville historique de <a href=\"https:\/\/www.holaislascanarias.com\/lugares-con-encanto\/tenerife\/san-cristobal-de-la-laguna\/\">La Laguna<\/a>, avec son architecture coloniale et ses rues pav\u00e9es, ni la dynamique <a href=\"https:\/\/www.elcorazondetenerife.com\/\">Santa Cruz de Tenerife<\/a>, avec sa sc\u00e8ne culturelle et gastronomique anim\u00e9e.<\/p>\n<p>Et en parlant de cuisine, la gastronomie locale est un v\u00e9ritable r\u00e9gal pour les sens. Les <a href=\"https:\/\/guachinchestenerife.com\/\">guachinches<\/a>, de v\u00e9ritables bars locaux, sont un tr\u00e9sor de Tenerife o\u00f9 vous pourrez d\u00e9guster des plats maison accompagn\u00e9s de vin local. Essayez la sauce \u201cmojo rojo\u201d et \u201cmojo verde\u201d et \u201clas papas arrugadas\u201d, et d\u00e9gustez des plats de poisson frais dans les villages c\u00f4tiers comme <a href=\"https:\/\/maps.app.goo.gl\/uUbH6i6FJbWg3zdo9\">San Miguel de<\/a> <a href=\"https:\/\/maps.app.goo.gl\/uUbH6i6FJbWg3zdo9\">Tajao<\/a>.<\/p>\n<p>Tenerife est \u00e9galement connue pour son vin et son fromage de ch\u00e8vre, sans oublier les bananes canariennes, un v\u00e9ritable d\u00e9lice tropical que vous verrez pousser partout sur l&rsquo;\u00eele.<\/p>\n<p>Les passionn\u00e9s de la g\u00e9ologie peuvent explorer l&rsquo;impressionnante <a href=\"https:\/\/cuevadelviento.net\/\">Cueva del Viento<\/a>, un syst\u00e8me de tubes volcaniques qui r\u00e9v\u00e8le l&rsquo;histoire volcanique de l&rsquo;\u00eele.<\/p>\n<p>\u00c0 La Casa del Barranco, nous vous offrons un refuge de tranquillit\u00e9 et de confort au milieu de la beaut\u00e9 naturelle et de la richesse culturelle de Tenerife.<\/p>\n<\/div><\/div><div class=\"w-separator size_medium\"><\/div><div class=\"g-cols wpb_row via_grid cols_1 laptops-cols_inherit tablets-cols_inherit mobiles-cols_1 valign_top type_default stacking_default\"><div class=\"wpb_column vc_column_container\"><div class=\"vc_column-inner\"><div class=\"w-image align_none\"><a href=\"https:\/\/lacasadelbarranco.com\/wp-content\/uploads\/2023\/11\/Panoramica-Teide-1-scaled-1.jpg\" ref=\"magnificPopup\" aria-label=\"Lien\" class=\"w-image-h\"><img loading=\"lazy\" decoding=\"async\" width=\"2560\" height=\"853\" src=\"https:\/\/lacasadelbarranco.com\/wp-content\/uploads\/2023\/11\/Panoramica-Teide-1-scaled-1.jpg\" class=\"attachment-full size-full\" alt=\"\" srcset=\"https:\/\/lacasadelbarranco.com\/wp-content\/uploads\/2023\/11\/Panoramica-Teide-1-scaled-1.jpg 2560w, https:\/\/lacasadelbarranco.com\/wp-content\/uploads\/2023\/11\/Panoramica-Teide-1-scaled-1-300x100.jpg 300w, https:\/\/lacasadelbarranco.com\/wp-content\/uploads\/2023\/11\/Panoramica-Teide-1-scaled-1-1024x341.jpg 1024w\" sizes=\"auto, (max-width: 2560px) 100vw, 2560px\" \/><\/a><\/div><\/div><\/div><\/div><\/div><\/div><\/div><\/div><\/section>\n","protected":false},"excerpt":{"rendered":"[vc_custom_heading source=\"post_title\" font_container=\"tag:h1|text_align:center\" use_theme_fonts=\"yes\"]Tenerife, la plus grande des \u00eeles Canaries, est une destination unique qui offre un m\u00e9lange exceptionnel de paysages, de cultures et d&rsquo;exp\u00e9riences. Vivez le contraste entre le nord et le sud, ainsi que tous nos microclimats. Au sud, vous serez accueillis par de chaudes plages de sable dor\u00e9 et un soleil \u00e9clatant...","protected":false},"author":1,"featured_media":0,"parent":0,"menu_order":0,"comment_status":"closed","ping_status":"closed","template":"","meta":{"footnotes":""},"class_list":["post-646","page","type-page","status-publish","hentry"],"yoast_head":"<!-- This site is optimized with the Yoast SEO plugin v21.6 - https:\/\/yoast.com\/wordpress\/plugins\/seo\/ -->\n<title>Tenerife - La Casa del Barranco<\/title>\n<meta name=\"robots\" content=\"index, follow, max-snippet:-1, max-image-preview:large, max-video-preview:-1\" \/>\n<link rel=\"canonical\" href=\"https:\/\/lacasadelbarranco.com\/fr\/tenerife\/\" \/>\n<meta property=\"og:locale\" content=\"fr_FR\" \/>\n<meta property=\"og:type\" content=\"article\" \/>\n<meta property=\"og:title\" content=\"Tenerife - La Casa del Barranco\" \/>\n<meta property=\"og:url\" content=\"https:\/\/lacasadelbarranco.com\/fr\/tenerife\/\" \/>\n<meta property=\"og:site_name\" content=\"La Casa del Barranco\" \/>\n<meta property=\"article:modified_time\" content=\"2023-11-17T08:11:22+00:00\" \/>\n<meta name=\"twitter:card\" content=\"summary_large_image\" \/>\n<meta name=\"twitter:label1\" content=\"Dur\u00e9e de lecture estim\u00e9e\" \/>\n\t<meta name=\"twitter:data1\" content=\"3 minutes\" \/>\n<script type=\"application\/ld+json\" class=\"yoast-schema-graph\">{\"@context\":\"https:\/\/schema.org\",\"@graph\":[{\"@type\":\"WebPage\",\"@id\":\"https:\/\/lacasadelbarranco.com\/fr\/tenerife\/\",\"url\":\"https:\/\/lacasadelbarranco.com\/fr\/tenerife\/\",\"name\":\"Tenerife - La Casa del Barranco\",\"isPartOf\":{\"@id\":\"https:\/\/lacasadelbarranco.com\/#website\"},\"datePublished\":\"2023-08-21T15:54:08+00:00\",\"dateModified\":\"2023-11-17T08:11:22+00:00\",\"breadcrumb\":{\"@id\":\"https:\/\/lacasadelbarranco.com\/fr\/tenerife\/#breadcrumb\"},\"inLanguage\":\"fr-FR\",\"potentialAction\":[{\"@type\":\"ReadAction\",\"target\":[\"https:\/\/lacasadelbarranco.com\/fr\/tenerife\/\"]}]},{\"@type\":\"BreadcrumbList\",\"@id\":\"https:\/\/lacasadelbarranco.com\/fr\/tenerife\/#breadcrumb\",\"itemListElement\":[{\"@type\":\"ListItem\",\"position\":1,\"name\":\"Portada\",\"item\":\"https:\/\/lacasadelbarranco.com\/\"},{\"@type\":\"ListItem\",\"position\":2,\"name\":\"Tenerife\"}]},{\"@type\":\"WebSite\",\"@id\":\"https:\/\/lacasadelbarranco.com\/#website\",\"url\":\"https:\/\/lacasadelbarranco.com\/\",\"name\":\"La Casa del Barranco\",\"description\":\"\",\"potentialAction\":[{\"@type\":\"SearchAction\",\"target\":{\"@type\":\"EntryPoint\",\"urlTemplate\":\"https:\/\/lacasadelbarranco.com\/?s={search_term_string}\"},\"query-input\":\"required name=search_term_string\"}],\"inLanguage\":\"fr-FR\"}]}<\/script>\n<!-- \/ Yoast SEO plugin. -->","yoast_head_json":{"title":"Tenerife - La Casa del Barranco","robots":{"index":"index","follow":"follow","max-snippet":"max-snippet:-1","max-image-preview":"max-image-preview:large","max-video-preview":"max-video-preview:-1"},"canonical":"https:\/\/lacasadelbarranco.com\/fr\/tenerife\/","og_locale":"fr_FR","og_type":"article","og_title":"Tenerife - La Casa del Barranco","og_url":"https:\/\/lacasadelbarranco.com\/fr\/tenerife\/","og_site_name":"La Casa del Barranco","article_modified_time":"2023-11-17T08:11:22+00:00","twitter_card":"summary_large_image","twitter_misc":{"Dur\u00e9e de lecture estim\u00e9e":"3 minutes"},"schema":{"@context":"https:\/\/schema.org","@graph":[{"@type":"WebPage","@id":"https:\/\/lacasadelbarranco.com\/fr\/tenerife\/","url":"https:\/\/lacasadelbarranco.com\/fr\/tenerife\/","name":"Tenerife - La Casa del Barranco","isPartOf":{"@id":"https:\/\/lacasadelbarranco.com\/#website"},"datePublished":"2023-08-21T15:54:08+00:00","dateModified":"2023-11-17T08:11:22+00:00","breadcrumb":{"@id":"https:\/\/lacasadelbarranco.com\/fr\/tenerife\/#breadcrumb"},"inLanguage":"fr-FR","potentialAction":[{"@type":"ReadAction","target":["https:\/\/lacasadelbarranco.com\/fr\/tenerife\/"]}]},{"@type":"BreadcrumbList","@id":"https:\/\/lacasadelbarranco.com\/fr\/tenerife\/#breadcrumb","itemListElement":[{"@type":"ListItem","position":1,"name":"Portada","item":"https:\/\/lacasadelbarranco.com\/"},{"@type":"ListItem","position":2,"name":"Tenerife"}]},{"@type":"WebSite","@id":"https:\/\/lacasadelbarranco.com\/#website","url":"https:\/\/lacasadelbarranco.com\/","name":"La Casa del Barranco","description":"","potentialAction":[{"@type":"SearchAction","target":{"@type":"EntryPoint","urlTemplate":"https:\/\/lacasadelbarranco.com\/?s={search_term_string}"},"query-input":"required name=search_term_string"}],"inLanguage":"fr-FR"}]}},"_links":{"self":[{"href":"https:\/\/lacasadelbarranco.com\/fr\/wp-json\/wp\/v2\/pages\/646","targetHints":{"allow":["GET"]}}],"collection":[{"href":"https:\/\/lacasadelbarranco.com\/fr\/wp-json\/wp\/v2\/pages"}],"about":[{"href":"https:\/\/lacasadelbarranco.com\/fr\/wp-json\/wp\/v2\/types\/page"}],"author":[{"embeddable":true,"href":"https:\/\/lacasadelbarranco.com\/fr\/wp-json\/wp\/v2\/users\/1"}],"replies":[{"embeddable":true,"href":"https:\/\/lacasadelbarranco.com\/fr\/wp-json\/wp\/v2\/comments?post=646"}],"version-history":[{"count":4,"href":"https:\/\/lacasadelbarranco.com\/fr\/wp-json\/wp\/v2\/pages\/646\/revisions"}],"predecessor-version":[{"id":837,"href":"https:\/\/lacasadelbarranco.com\/fr\/wp-json\/wp\/v2\/pages\/646\/revisions\/837"}],"wp:attachment":[{"href":"https:\/\/lacasadelbarranco.com\/fr\/wp-json\/wp\/v2\/media?parent=646"}],"curies":[{"name":"wp","href":"https:\/\/api.w.org\/{rel}","templated":true}]}}