{"id":642,"date":"2023-08-17T16:24:01","date_gmt":"2023-08-17T16:24:01","guid":{"rendered":"https:\/\/lacasadelbarranco.com\/?page_id=642"},"modified":"2023-11-17T08:12:16","modified_gmt":"2023-11-17T08:12:16","slug":"ubicacion-2","status":"publish","type":"page","link":"https:\/\/lacasadelbarranco.com\/fr\/ubicacion-2\/","title":{"rendered":"Localisation"},"content":{"rendered":"<section class=\"l-section wpb_row height_medium\"><div class=\"l-section-overlay\" style=\"background:var(--color-header-middle-text-hover)\"><\/div><div class=\"l-section-h i-cf\"><div class=\"g-cols vc_row via_grid cols_1 laptops-cols_inherit tablets-cols_inherit mobiles-cols_1 valign_top type_default stacking_default\"><div class=\"wpb_column vc_column_container\"><div class=\"vc_column-inner\"><h1 class=\"w-text us_custom_28784076 has_text_color\"><span class=\"w-text-h\"><span class=\"w-text-value\">Localisation<\/span><\/span><\/h1><\/div><\/div><\/div><\/div><\/section><section class=\"l-section wpb_row height_large\"><div class=\"l-section-h i-cf\"><div class=\"g-cols vc_row via_grid cols_1 laptops-cols_inherit tablets-cols_inherit mobiles-cols_1 valign_top type_default stacking_default\"><div class=\"wpb_column vc_column_container\"><div class=\"vc_column-inner\"><div class=\"g-cols wpb_row us_custom_5374f916 us_animate_this via_grid cols_4 laptops-cols_inherit tablets-cols_inherit mobiles-cols_1 valign_top type_default stacking_default\" style=\"grid-gap:0.2rem;\"><div class=\"wpb_column vc_column_container\"><div class=\"vc_column-inner\"><div class=\"w-ibanner us_custom_2c78d479 animation_soter ratio_1x1 easing_ease\"><div class=\"w-ibanner-h\"><div class=\"w-ibanner-image\" style=\"background-image: url(https:\/\/lacasadelbarranco.com\/wp-content\/uploads\/2023\/08\/Desde-el-aeropuerto-Reina-Sofia.png)\"><\/div><div class=\"w-ibanner-content\"><div class=\"w-ibanner-content-h\"><h6 class=\"w-ibanner-title\" style=\"font-size:19px;\">L&rsquo;a\u00e9roport Reina Sof\u00eda<\/h6><div class=\"w-ibanner-desc\"><p>se trouve \u00e0 25 minutes en voiture.<br \/>\nAutoroute TF-1, sortie 32 \"Fasnia - Los Roques\".<\/p>\n<\/div><\/div><\/div><\/div><a target=\"_blank\" href=\"https:\/\/lacasadelbarranco.com\/wp-content\/uploads\/2023\/08\/Desde-el-aeropuerto-Reina-Sofia.png\" rel=\"noopener\" aria-label=\"L&rsquo;a\u00e9roport Reina Sof\u00eda\"><\/a><\/div><div class=\"w-separator size_custom\" style=\"height:0.2rem\"><\/div><\/div><\/div><div class=\"wpb_column vc_column_container\"><div class=\"vc_column-inner\"><div class=\"w-ibanner us_custom_2c78d479 mapa animation_soter ratio_1x1 easing_ease\"><div class=\"w-ibanner-h\"><div class=\"w-ibanner-image\" style=\"background-image: url(https:\/\/lacasadelbarranco.com\/wp-content\/uploads\/2023\/08\/Desde-el-puerto-de-Santa-Cruz.png)\"><\/div><div class=\"w-ibanner-content\"><div class=\"w-ibanner-content-h\"><h6 class=\"w-ibanner-title\" style=\"font-size:19px;\">Le port de Santa Cruz<\/h6><div class=\"w-ibanner-desc\"><p>se trouve \u00e0 45 minutes en voiture.<br \/>\nAutoroute TF-1, sortie 32 \u201cFasnia - Los Roques\".<\/p>\n<\/div><\/div><\/div><\/div><a target=\"_blank\" href=\"https:\/\/lacasadelbarranco.com\/wp-content\/uploads\/2023\/08\/Desde-el-puerto-de-Santa-Cruz.png\" rel=\"noopener\" aria-label=\"Le port de Santa Cruz\"><\/a><\/div><\/div><\/div><div class=\"wpb_column vc_column_container\"><div class=\"vc_column-inner\"><div class=\"w-ibanner us_custom_2c78d479 animation_soter ratio_1x1 easing_ease\"><div class=\"w-ibanner-h\"><div class=\"w-ibanner-image\" style=\"background-image: url(https:\/\/lacasadelbarranco.com\/wp-content\/uploads\/2023\/08\/Desde-el-puerto-de-Los-Cristianos.png)\"><\/div><div class=\"w-ibanner-content\"><div class=\"w-ibanner-content-h\"><h6 class=\"w-ibanner-title\" style=\"font-size:19px;\">Le port de Los Cristianos<\/h6><div class=\"w-ibanner-desc\"><p>se trouve \u00e0 45 minutes en voiture.<br \/>\nAutoroute TF-1, sortie 32 \u201cFasnia - Los Roques\".<\/p>\n<\/div><\/div><\/div><\/div><a target=\"_blank\" href=\"https:\/\/lacasadelbarranco.com\/wp-content\/uploads\/2023\/08\/Desde-el-puerto-de-Los-Cristianos.png\" rel=\"noopener\" aria-label=\"Le port de Los Cristianos\"><\/a><\/div><div class=\"w-separator size_custom\" style=\"height:0.2rem\"><\/div><\/div><\/div><div class=\"wpb_column vc_column_container\"><div class=\"vc_column-inner\"><div class=\"w-ibanner us_custom_2c78d479 mapa animation_soter ratio_1x1 easing_ease\"><div class=\"w-ibanner-h\"><div class=\"w-ibanner-image\" style=\"background-image: url(https:\/\/lacasadelbarranco.com\/wp-content\/uploads\/2023\/08\/Desde-el-aeropuerto-de-Los-Rodeos.png)\"><\/div><div class=\"w-ibanner-content\"><div class=\"w-ibanner-content-h\"><h6 class=\"w-ibanner-title\" style=\"font-size:19px;\">L&rsquo;a\u00e9roport de Los Rodeos<\/h6><div class=\"w-ibanner-desc\"><p>se trouve \u00e0 40 minutes en voiture.<br \/>\nAutopista TF-1, salida 32 \u201cFasnia - Los Roques\u201d.<\/p>\n<\/div><\/div><\/div><\/div><a target=\"_blank\" href=\"https:\/\/lacasadelbarranco.com\/wp-content\/uploads\/2023\/08\/Desde-el-aeropuerto-de-Los-Rodeos.png\" rel=\"noopener\" aria-label=\"L&rsquo;a\u00e9roport de Los Rodeos\"><\/a><\/div><\/div><\/div><\/div><div class=\"w-image us_custom_de366d1c us_animate_this hide_on_mobiles has_ratio align_none\"><a href=\"https:\/\/lacasadelbarranco.com\/wp-content\/uploads\/2023\/08\/ubicacion.gif\" ref=\"magnificPopup\" aria-label=\"Lien\" class=\"w-image-h\"><div style=\"padding-bottom:23.8095%\"><\/div><img loading=\"lazy\" decoding=\"async\" width=\"1240\" height=\"600\" src=\"https:\/\/lacasadelbarranco.com\/wp-content\/uploads\/2023\/08\/ubicacion.gif\" class=\"attachment-full size-full\" alt=\"\" \/><\/a><\/div><div class=\"w-image us_custom_de366d1c us_animate_this hide_on_default hide_on_laptops hide_on_tablets align_none\"><a href=\"https:\/\/lacasadelbarranco.com\/wp-content\/uploads\/2023\/08\/ubicacion.gif\" ref=\"magnificPopup\" aria-label=\"Lien\" class=\"w-image-h\"><img loading=\"lazy\" decoding=\"async\" width=\"1240\" height=\"600\" src=\"https:\/\/lacasadelbarranco.com\/wp-content\/uploads\/2023\/08\/ubicacion.gif\" class=\"attachment-full size-full\" alt=\"\" \/><\/a><\/div><\/div><\/div><\/div><\/div><\/section>\n","protected":false},"excerpt":{"rendered":"LocalisationL&rsquo;a\u00e9roport Reina Sof\u00edase trouve \u00e0 25 minutes en voiture. Autoroute TF-1, sortie 32 \"Fasnia - Los Roques\". Le port de Santa Cruzse trouve \u00e0 45 minutes en voiture. Autoroute TF-1, sortie 32 \u201cFasnia - Los Roques\". Le port de Los Cristianosse trouve \u00e0 45 minutes en voiture. Autoroute TF-1, sortie 32 \u201cFasnia - Los Roques\"....","protected":false},"author":1,"featured_media":0,"parent":0,"menu_order":0,"comment_status":"closed","ping_status":"closed","template":"","meta":{"footnotes":""},"class_list":["post-642","page","type-page","status-publish","hentry"],"yoast_head":"<!-- This site is optimized with the Yoast SEO plugin v21.6 - https:\/\/yoast.com\/wordpress\/plugins\/seo\/ -->\n<title>Localisation - La Casa del Barranco<\/title>\n<meta name=\"robots\" content=\"index, follow, max-snippet:-1, max-image-preview:large, max-video-preview:-1\" \/>\n<link rel=\"canonical\" href=\"https:\/\/lacasadelbarranco.com\/ubicacion-2\/\" \/>\n<meta property=\"og:locale\" content=\"fr_FR\" \/>\n<meta property=\"og:type\" content=\"article\" \/>\n<meta property=\"og:title\" content=\"Localisation - La Casa del Barranco\" \/>\n<meta property=\"og:url\" content=\"https:\/\/lacasadelbarranco.com\/ubicacion-2\/\" \/>\n<meta property=\"og:site_name\" content=\"La Casa del Barranco\" \/>\n<meta property=\"article:modified_time\" content=\"2023-11-17T08:12:16+00:00\" \/>\n<meta name=\"twitter:card\" content=\"summary_large_image\" \/>\n<meta name=\"twitter:label1\" content=\"Dur\u00e9e de lecture estim\u00e9e\" \/>\n\t<meta name=\"twitter:data1\" content=\"2 minutes\" \/>\n<script type=\"application\/ld+json\" class=\"yoast-schema-graph\">{\"@context\":\"https:\/\/schema.org\",\"@graph\":[{\"@type\":\"WebPage\",\"@id\":\"https:\/\/lacasadelbarranco.com\/ubicacion-2\/\",\"url\":\"https:\/\/lacasadelbarranco.com\/ubicacion-2\/\",\"name\":\"Localisation - La Casa del Barranco\",\"isPartOf\":{\"@id\":\"https:\/\/lacasadelbarranco.com\/#website\"},\"datePublished\":\"2023-08-17T16:24:01+00:00\",\"dateModified\":\"2023-11-17T08:12:16+00:00\",\"breadcrumb\":{\"@id\":\"https:\/\/lacasadelbarranco.com\/ubicacion-2\/#breadcrumb\"},\"inLanguage\":\"fr-FR\",\"potentialAction\":[{\"@type\":\"ReadAction\",\"target\":[\"https:\/\/lacasadelbarranco.com\/ubicacion-2\/\"]}]},{\"@type\":\"BreadcrumbList\",\"@id\":\"https:\/\/lacasadelbarranco.com\/ubicacion-2\/#breadcrumb\",\"itemListElement\":[{\"@type\":\"ListItem\",\"position\":1,\"name\":\"Portada\",\"item\":\"https:\/\/lacasadelbarranco.com\/\"},{\"@type\":\"ListItem\",\"position\":2,\"name\":\"Localisation\"}]},{\"@type\":\"WebSite\",\"@id\":\"https:\/\/lacasadelbarranco.com\/#website\",\"url\":\"https:\/\/lacasadelbarranco.com\/\",\"name\":\"La Casa del Barranco\",\"description\":\"\",\"potentialAction\":[{\"@type\":\"SearchAction\",\"target\":{\"@type\":\"EntryPoint\",\"urlTemplate\":\"https:\/\/lacasadelbarranco.com\/?s={search_term_string}\"},\"query-input\":\"required name=search_term_string\"}],\"inLanguage\":\"fr-FR\"}]}<\/script>\n<!-- \/ Yoast SEO plugin. -->","yoast_head_json":{"title":"Localisation - La Casa del Barranco","robots":{"index":"index","follow":"follow","max-snippet":"max-snippet:-1","max-image-preview":"max-image-preview:large","max-video-preview":"max-video-preview:-1"},"canonical":"https:\/\/lacasadelbarranco.com\/ubicacion-2\/","og_locale":"fr_FR","og_type":"article","og_title":"Localisation - La Casa del Barranco","og_url":"https:\/\/lacasadelbarranco.com\/ubicacion-2\/","og_site_name":"La Casa del Barranco","article_modified_time":"2023-11-17T08:12:16+00:00","twitter_card":"summary_large_image","twitter_misc":{"Dur\u00e9e de lecture estim\u00e9e":"2 minutes"},"schema":{"@context":"https:\/\/schema.org","@graph":[{"@type":"WebPage","@id":"https:\/\/lacasadelbarranco.com\/ubicacion-2\/","url":"https:\/\/lacasadelbarranco.com\/ubicacion-2\/","name":"Localisation - La Casa del Barranco","isPartOf":{"@id":"https:\/\/lacasadelbarranco.com\/#website"},"datePublished":"2023-08-17T16:24:01+00:00","dateModified":"2023-11-17T08:12:16+00:00","breadcrumb":{"@id":"https:\/\/lacasadelbarranco.com\/ubicacion-2\/#breadcrumb"},"inLanguage":"fr-FR","potentialAction":[{"@type":"ReadAction","target":["https:\/\/lacasadelbarranco.com\/ubicacion-2\/"]}]},{"@type":"BreadcrumbList","@id":"https:\/\/lacasadelbarranco.com\/ubicacion-2\/#breadcrumb","itemListElement":[{"@type":"ListItem","position":1,"name":"Portada","item":"https:\/\/lacasadelbarranco.com\/"},{"@type":"ListItem","position":2,"name":"Localisation"}]},{"@type":"WebSite","@id":"https:\/\/lacasadelbarranco.com\/#website","url":"https:\/\/lacasadelbarranco.com\/","name":"La Casa del Barranco","description":"","potentialAction":[{"@type":"SearchAction","target":{"@type":"EntryPoint","urlTemplate":"https:\/\/lacasadelbarranco.com\/?s={search_term_string}"},"query-input":"required name=search_term_string"}],"inLanguage":"fr-FR"}]}},"_links":{"self":[{"href":"https:\/\/lacasadelbarranco.com\/fr\/wp-json\/wp\/v2\/pages\/642","targetHints":{"allow":["GET"]}}],"collection":[{"href":"https:\/\/lacasadelbarranco.com\/fr\/wp-json\/wp\/v2\/pages"}],"about":[{"href":"https:\/\/lacasadelbarranco.com\/fr\/wp-json\/wp\/v2\/types\/page"}],"author":[{"embeddable":true,"href":"https:\/\/lacasadelbarranco.com\/fr\/wp-json\/wp\/v2\/users\/1"}],"replies":[{"embeddable":true,"href":"https:\/\/lacasadelbarranco.com\/fr\/wp-json\/wp\/v2\/comments?post=642"}],"version-history":[{"count":9,"href":"https:\/\/lacasadelbarranco.com\/fr\/wp-json\/wp\/v2\/pages\/642\/revisions"}],"predecessor-version":[{"id":847,"href":"https:\/\/lacasadelbarranco.com\/fr\/wp-json\/wp\/v2\/pages\/642\/revisions\/847"}],"wp:attachment":[{"href":"https:\/\/lacasadelbarranco.com\/fr\/wp-json\/wp\/v2\/media?parent=642"}],"curies":[{"name":"wp","href":"https:\/\/api.w.org\/{rel}","templated":true}]}}